
{"id":1454,"date":"2016-04-18T10:08:22","date_gmt":"2016-04-18T10:08:22","guid":{"rendered":"http:\/\/hulu-split.hr\/?page_id=1454"},"modified":"2025-07-28T15:35:09","modified_gmt":"2025-07-28T13:35:09","slug":"diocletians-cellars","status":"publish","type":"page","link":"http:\/\/hulu-split.hr\/en\/info-2\/dioklecijanovi-podrumi\/","title":{"rendered":"Diocletian's cellars"},"content":{"rendered":"<div class=\"one-half first\">\n<div class=\"salon-feature justify\">\n<p>\u00a0\u00a0Dioklecijanovi podrumi kao izlaga\u010dki prostor atraktivni su i na vizualnom i na simboli\u010dkom planu, ali prilikom postavljanja izlo\u017ebi u ovom prostoru svakako treba imati na umu da svaka aktivnost unutar ovog kompleksa postavlja neka nezaobilazna pitanja:<\/p>\n<ul class=\"justify\">\n<li>Dioklecijanovi podrumi nisu klasi\u010dan galerijski prostor \u00a0te je\u00a0postav izlo\u017ebe\u00a0na\u017ealost\u00a0\u010desto podre\u0111en posebnostima\u00a0ovog povijesnog\u00a0prostora koji je danas najposje\u0107enija turisti\u010dka lokacija u Splitu<\/li>\n<li><strong>Elektri\u010dna rasvjeta u podrumima je ve\u0107inom neadekvatna.<\/strong> Sastoji se od reflektora koji su instalirani da naglase ambijent, ne kao galerijska rasvjeta.<\/li>\n<li><strong>Postav radova direktno na zidove Dioklecijanovih podruma nije mogu\u0107 te se moraju koristiti \u017eeljezne ograde na koje se vje\u0161aju radovi\u00a0<\/strong>(za primjer postava <a href=\"http:\/\/www.slobodnadalmacija.hr\/Archive\/Images\/2015\/11\/05\/SCENA\/SALON\/salon3.jpg\">\u00a0klikni ovdje\u00a0<\/a>)<\/li>\n<li><strong>U podrumima je prisutna vrlo velika vla\u017enost zraka, zidova i podova, pa djela osjetljiva na vlagu, ovdje ne bi trebala biti du\u017ee izlagana.<\/strong> Zbog lo\u0161eg stanja elektro instalacija i proki\u0161njavanja podruma osobito je va\u017eno to imati na umu u ki\u0161nim periodima i kad je u pitanju sofisticirana oprema.<\/li>\n<li>Valja naglasiti i to da <strong>jaki audio razglasi nisu prikladni za ovaj prostor<\/strong> jer jake zvu\u010dne vibracije tako\u0111er mogu devastirati ovu, mada vizualno sna\u017enu, ipak rahlu arhitekturu za koju se slobodno mo\u017ee re\u0107i da je pravo \u010dudo kako se do sada nije uru\u0161ila s obzirom kakav je nemar stolje\u0107ima trpjela.<\/li>\n<\/ul>\n<ul class=\"justify\">\n<li>Impozantnost prostora koja je dominantna u vizualnom polju posjetitelja uvjetuje promi\u0161ljen pristup kako izlo\u017eena djela ne bi bila &#8220;pojedena&#8221; od tako velikog prostora. Dioklecijanovi podrumi su u tom smislu prikladni za uspostavu dijaloga, ali nikako <strong>ne mogu poslu\u017eiti kao neutralna galerijska pozadina<\/strong> jer je sa takvim tretiranjem podruma svaka izlo\u017eba osu\u0111ena na propast.<\/li>\n<li>Impresija ambijentom i povijesno breme koje stupovi podruma nose ve\u0107 skoro 2000 god. i realno i simboli\u010dki lako skrenu pozornost posjetitelja koji lutaju\u0107i tim grandioznim podzemnim prostorom biva obuzet vlastitim razmi\u0161ljanjima. S tim u vezi vrlo je va\u017eno imati na umu da svaka nesmotrenost mo\u017ee devastirati ovo zdanje s jedne strane, te s druge strane da projekti koji se realiziraju unutar podruma moraju biti pa\u017eljivi i uva\u017eavati \u010dinjenicu kako se ne radi o mrtvim starinama, ve\u0107 o prostoru koji i dan danas \u017eivi i emitira vrlo sna\u017eno i da autor htio ili ne, mora ra\u010dunati na ovu penetraciju.<\/li>\n<li>Dioklecijanovi podrumi su trenutno pod upravom Muzeja grada Splita<\/li>\n<li>Vi\u0161e\u00a0informacija i fotografija prostora\u00a0 <a href=\"https:\/\/www.mgs.hr\/museum\/podrumi-dioklecijanove-palace\/\">here<\/a><\/li>\n<\/ul>\n<\/div>\n<\/div>\n<div class=\"one-third right\"><img loading=\"lazy\" decoding=\"async\" class=\"alignnone size-full wp-image-1329\" src=\"http:\/\/hulu-split.hr\/wp-content\/uploads\/2016\/04\/dioklecijanovi-slika-lokacija.jpg\" alt=\"\" width=\"728\" height=\"342\" \/><br \/>\n<a href=\"http:\/\/hulu-split.hr\/wp-content\/uploads\/2016\/04\/Dioklecijanovi-podrumi-plan.pdf\">Preuzmite nacrt prostora s mjerama u PDF formatu ovdje<\/a><img loading=\"lazy\" decoding=\"async\" class=\"alignnone size-full wp-image-1327 margin-top40\" src=\"http:\/\/hulu-split.hr\/wp-content\/uploads\/2016\/04\/tlocrt-dioklecijanovi.jpg\" alt=\"3dpodrumi\" width=\"750\" height=\"368\" \/><\/p>\n<div class=\"clearfix\"><\/div>\n<div style=\"text-align: center;\"><img loading=\"lazy\" decoding=\"async\" class=\"aligncenter size-full wp-image-1330\" src=\"http:\/\/hulu-split.hr\/wp-content\/uploads\/2016\/04\/podrumi-lokacija-front.jpg\" alt=\"galic_lokacija\" width=\"700\" height=\"412\" \/><br \/>\nRadno vrijeme Dioklecijanovih podruma<br \/>\nPon &#8211; Ned: 8:30 &#8211; 21h<\/div>\n<\/div>","protected":false},"excerpt":{"rendered":"<p>\u00a0\u00a0Dioklecijanovi podrumi kao izlaga\u010dki prostor atraktivni su i na vizualnom i na simboli\u010dkom planu, ali prilikom postavljanja izlo\u017ebi u ovom prostoru svakako treba imati na umu da svaka aktivnost unutar ovog kompleksa postavlja neka nezaobilazna pitanja: Dioklecijanovi podrumi nisu klasi\u010dan galerijski prostor \u00a0te je\u00a0postav izlo\u017ebe\u00a0na\u017ealost\u00a0\u010desto podre\u0111en posebnostima\u00a0ovog povijesnog\u00a0prostora koji je danas najposje\u0107enija turisti\u010dka lokacija u Splitu Elektri\u010dna rasvjeta u podrumima je ve\u0107inom neadekvatna. Sastoji se od reflektora koji su instalirani<\/p>\n<a href=\"http:\/\/hulu-split.hr\/en\/info-2\/dioklecijanovi-podrumi\/\"> <div class=\"readmorelink\"><div class=\"rmtext\">[ Pro\u010ditaj vi\u0161e ]<\/div><\/div><\/a>","protected":false},"author":1,"featured_media":0,"parent":647,"menu_order":0,"comment_status":"closed","ping_status":"closed","template":"","meta":{"_acf_changed":false,"footnotes":""},"class_list":{"0":"post-1454","1":"page","2":"type-page","3":"status-publish","5":"entry","6":"gs-1","7":"gs-odd","8":"gs-even","9":"gs-featured-content-entry"},"acf":[],"yoast_head":"<!-- This site is optimized with the Yoast SEO plugin v27.0 - https:\/\/yoast.com\/product\/yoast-seo-wordpress\/ -->\n<title>Dioklecijanovi podrumi &#8211; HRVATSKA UDRUGA LIKOVNIH UMJETNIKA<\/title>\n<meta name=\"robots\" content=\"index, follow, max-snippet:-1, max-image-preview:large, max-video-preview:-1\" \/>\n<link rel=\"canonical\" href=\"https:\/\/hulu-split.hr\/en\/info-2\/diocletians-cellars\/\" \/>\n<meta property=\"og:locale\" content=\"en_US\" \/>\n<meta property=\"og:type\" content=\"article\" \/>\n<meta property=\"og:title\" content=\"Dioklecijanovi podrumi &#8211; HRVATSKA UDRUGA LIKOVNIH UMJETNIKA\" \/>\n<meta property=\"og:description\" content=\"\u00a0\u00a0Dioklecijanovi podrumi kao izlaga\u010dki prostor atraktivni su i na vizualnom i na simboli\u010dkom planu, ali prilikom postavljanja izlo\u017ebi u ovom prostoru svakako treba imati na umu da svaka aktivnost unutar ovog kompleksa postavlja neka nezaobilazna pitanja: Dioklecijanovi podrumi nisu klasi\u010dan galerijski prostor \u00a0te je\u00a0postav izlo\u017ebe\u00a0na\u017ealost\u00a0\u010desto podre\u0111en posebnostima\u00a0ovog povijesnog\u00a0prostora koji je danas najposje\u0107enija turisti\u010dka lokacija u Splitu Elektri\u010dna rasvjeta u podrumima je ve\u0107inom neadekvatna. Sastoji se od reflektora koji su instalirani\" \/>\n<meta property=\"og:url\" content=\"https:\/\/hulu-split.hr\/en\/info-2\/diocletians-cellars\/\" \/>\n<meta property=\"og:site_name\" content=\"HRVATSKA UDRUGA LIKOVNIH UMJETNIKA\" \/>\n<meta property=\"article:publisher\" content=\"https:\/\/www.facebook.com\/udrugaHULU\" \/>\n<meta property=\"article:modified_time\" content=\"2025-07-28T13:35:09+00:00\" \/>\n<meta property=\"og:image\" content=\"https:\/\/hulu-split.hr\/wp-content\/uploads\/2016\/03\/galic_tlocrt.jpg\" \/>\n\t<meta property=\"og:image:width\" content=\"800\" \/>\n\t<meta property=\"og:image:height\" content=\"479\" \/>\n\t<meta property=\"og:image:type\" content=\"image\/jpeg\" \/>\n<meta name=\"twitter:card\" content=\"summary_large_image\" \/>\n<meta name=\"twitter:site\" content=\"@hulusplit\" \/>\n<meta name=\"twitter:label1\" content=\"Est. reading time\" \/>\n\t<meta name=\"twitter:data1\" content=\"2 minutes\" \/>\n<script type=\"application\/ld+json\" class=\"yoast-schema-graph\">{\"@context\":\"https:\/\/schema.org\",\"@graph\":[{\"@type\":\"WebPage\",\"@id\":\"https:\/\/hulu-split.hr\/en\/info-2\/dioklecijanovi-podrumi\/\",\"url\":\"https:\/\/hulu-split.hr\/en\/info-2\/dioklecijanovi-podrumi\/\",\"name\":\"Dioklecijanovi podrumi &#8211; HRVATSKA UDRUGA LIKOVNIH UMJETNIKA\",\"isPartOf\":{\"@id\":\"https:\/\/hulu-split.hr\/#website\"},\"primaryImageOfPage\":{\"@id\":\"https:\/\/hulu-split.hr\/en\/info-2\/dioklecijanovi-podrumi\/#primaryimage\"},\"image\":{\"@id\":\"https:\/\/hulu-split.hr\/en\/info-2\/dioklecijanovi-podrumi\/#primaryimage\"},\"thumbnailUrl\":\"http:\/\/hulu-split.hr\/wp-content\/uploads\/2016\/04\/dioklecijanovi-slika-lokacija.jpg\",\"datePublished\":\"2016-04-18T10:08:22+00:00\",\"dateModified\":\"2025-07-28T13:35:09+00:00\",\"breadcrumb\":{\"@id\":\"https:\/\/hulu-split.hr\/en\/info-2\/dioklecijanovi-podrumi\/#breadcrumb\"},\"inLanguage\":\"en-US\",\"potentialAction\":[{\"@type\":\"ReadAction\",\"target\":[\"https:\/\/hulu-split.hr\/en\/info-2\/dioklecijanovi-podrumi\/\"]}]},{\"@type\":\"ImageObject\",\"inLanguage\":\"en-US\",\"@id\":\"https:\/\/hulu-split.hr\/en\/info-2\/dioklecijanovi-podrumi\/#primaryimage\",\"url\":\"http:\/\/hulu-split.hr\/wp-content\/uploads\/2016\/04\/dioklecijanovi-slika-lokacija.jpg\",\"contentUrl\":\"http:\/\/hulu-split.hr\/wp-content\/uploads\/2016\/04\/dioklecijanovi-slika-lokacija.jpg\"},{\"@type\":\"BreadcrumbList\",\"@id\":\"https:\/\/hulu-split.hr\/en\/info-2\/dioklecijanovi-podrumi\/#breadcrumb\",\"itemListElement\":[{\"@type\":\"ListItem\",\"position\":1,\"name\":\"Po\u010detna stranica\",\"item\":\"https:\/\/hulu-split.hr\/\"},{\"@type\":\"ListItem\",\"position\":2,\"name\":\"Info\",\"item\":\"https:\/\/hulu-split.hr\/en\/info-2\/\"},{\"@type\":\"ListItem\",\"position\":3,\"name\":\"Dioklecijanovi podrumi\"}]},{\"@type\":\"WebSite\",\"@id\":\"https:\/\/hulu-split.hr\/#website\",\"url\":\"https:\/\/hulu-split.hr\/\",\"name\":\"HRVATSKA UDRUGA LIKOVNIH UMJETNIKA\",\"description\":\"CROATIAN ASSOCIATION OF VISUAL ARTISTS\",\"potentialAction\":[{\"@type\":\"SearchAction\",\"target\":{\"@type\":\"EntryPoint\",\"urlTemplate\":\"https:\/\/hulu-split.hr\/?s={search_term_string}\"},\"query-input\":{\"@type\":\"PropertyValueSpecification\",\"valueRequired\":true,\"valueName\":\"search_term_string\"}}],\"inLanguage\":\"en-US\"}]}<\/script>\n<!-- \/ Yoast SEO plugin. -->","yoast_head_json":{"title":"Dioklecijanovi podrumi &#8211; HRVATSKA UDRUGA LIKOVNIH UMJETNIKA","robots":{"index":"index","follow":"follow","max-snippet":"max-snippet:-1","max-image-preview":"max-image-preview:large","max-video-preview":"max-video-preview:-1"},"canonical":"https:\/\/hulu-split.hr\/en\/info-2\/diocletians-cellars\/","og_locale":"en_US","og_type":"article","og_title":"Dioklecijanovi podrumi &#8211; HRVATSKA UDRUGA LIKOVNIH UMJETNIKA","og_description":"\u00a0\u00a0Dioklecijanovi podrumi kao izlaga\u010dki prostor atraktivni su i na vizualnom i na simboli\u010dkom planu, ali prilikom postavljanja izlo\u017ebi u ovom prostoru svakako treba imati na umu da svaka aktivnost unutar ovog kompleksa postavlja neka nezaobilazna pitanja: Dioklecijanovi podrumi nisu klasi\u010dan galerijski prostor \u00a0te je\u00a0postav izlo\u017ebe\u00a0na\u017ealost\u00a0\u010desto podre\u0111en posebnostima\u00a0ovog povijesnog\u00a0prostora koji je danas najposje\u0107enija turisti\u010dka lokacija u Splitu Elektri\u010dna rasvjeta u podrumima je ve\u0107inom neadekvatna. Sastoji se od reflektora koji su instalirani","og_url":"https:\/\/hulu-split.hr\/en\/info-2\/diocletians-cellars\/","og_site_name":"HRVATSKA UDRUGA LIKOVNIH UMJETNIKA","article_publisher":"https:\/\/www.facebook.com\/udrugaHULU","article_modified_time":"2025-07-28T13:35:09+00:00","og_image":[{"width":800,"height":479,"url":"https:\/\/hulu-split.hr\/wp-content\/uploads\/2016\/03\/galic_tlocrt.jpg","type":"image\/jpeg"}],"twitter_card":"summary_large_image","twitter_site":"@hulusplit","twitter_misc":{"Est. reading time":"2 minutes"},"schema":{"@context":"https:\/\/schema.org","@graph":[{"@type":"WebPage","@id":"https:\/\/hulu-split.hr\/en\/info-2\/dioklecijanovi-podrumi\/","url":"https:\/\/hulu-split.hr\/en\/info-2\/dioklecijanovi-podrumi\/","name":"Dioklecijanovi podrumi &#8211; HRVATSKA UDRUGA LIKOVNIH UMJETNIKA","isPartOf":{"@id":"https:\/\/hulu-split.hr\/#website"},"primaryImageOfPage":{"@id":"https:\/\/hulu-split.hr\/en\/info-2\/dioklecijanovi-podrumi\/#primaryimage"},"image":{"@id":"https:\/\/hulu-split.hr\/en\/info-2\/dioklecijanovi-podrumi\/#primaryimage"},"thumbnailUrl":"http:\/\/hulu-split.hr\/wp-content\/uploads\/2016\/04\/dioklecijanovi-slika-lokacija.jpg","datePublished":"2016-04-18T10:08:22+00:00","dateModified":"2025-07-28T13:35:09+00:00","breadcrumb":{"@id":"https:\/\/hulu-split.hr\/en\/info-2\/dioklecijanovi-podrumi\/#breadcrumb"},"inLanguage":"en-US","potentialAction":[{"@type":"ReadAction","target":["https:\/\/hulu-split.hr\/en\/info-2\/dioklecijanovi-podrumi\/"]}]},{"@type":"ImageObject","inLanguage":"en-US","@id":"https:\/\/hulu-split.hr\/en\/info-2\/dioklecijanovi-podrumi\/#primaryimage","url":"http:\/\/hulu-split.hr\/wp-content\/uploads\/2016\/04\/dioklecijanovi-slika-lokacija.jpg","contentUrl":"http:\/\/hulu-split.hr\/wp-content\/uploads\/2016\/04\/dioklecijanovi-slika-lokacija.jpg"},{"@type":"BreadcrumbList","@id":"https:\/\/hulu-split.hr\/en\/info-2\/dioklecijanovi-podrumi\/#breadcrumb","itemListElement":[{"@type":"ListItem","position":1,"name":"Po\u010detna stranica","item":"https:\/\/hulu-split.hr\/"},{"@type":"ListItem","position":2,"name":"Info","item":"https:\/\/hulu-split.hr\/en\/info-2\/"},{"@type":"ListItem","position":3,"name":"Dioklecijanovi podrumi"}]},{"@type":"WebSite","@id":"https:\/\/hulu-split.hr\/#website","url":"https:\/\/hulu-split.hr\/","name":"CROATIAN ASSOCIATION OF FINE ARTISTS","description":"CROATIAN ASSOCIATION OF VISUAL ARTISTS","potentialAction":[{"@type":"SearchAction","target":{"@type":"EntryPoint","urlTemplate":"https:\/\/hulu-split.hr\/?s={search_term_string}"},"query-input":{"@type":"PropertyValueSpecification","valueRequired":true,"valueName":"search_term_string"}}],"inLanguage":"en-US"}]}},"_links":{"self":[{"href":"http:\/\/hulu-split.hr\/en\/wp-json\/wp\/v2\/pages\/1454","targetHints":{"allow":["GET"]}}],"collection":[{"href":"http:\/\/hulu-split.hr\/en\/wp-json\/wp\/v2\/pages"}],"about":[{"href":"http:\/\/hulu-split.hr\/en\/wp-json\/wp\/v2\/types\/page"}],"author":[{"embeddable":true,"href":"http:\/\/hulu-split.hr\/en\/wp-json\/wp\/v2\/users\/1"}],"replies":[{"embeddable":true,"href":"http:\/\/hulu-split.hr\/en\/wp-json\/wp\/v2\/comments?post=1454"}],"version-history":[{"count":5,"href":"http:\/\/hulu-split.hr\/en\/wp-json\/wp\/v2\/pages\/1454\/revisions"}],"predecessor-version":[{"id":20869,"href":"http:\/\/hulu-split.hr\/en\/wp-json\/wp\/v2\/pages\/1454\/revisions\/20869"}],"up":[{"embeddable":true,"href":"http:\/\/hulu-split.hr\/en\/wp-json\/wp\/v2\/pages\/647"}],"wp:attachment":[{"href":"http:\/\/hulu-split.hr\/en\/wp-json\/wp\/v2\/media?parent=1454"}],"curies":[{"name":"wp","href":"https:\/\/api.w.org\/{rel}","templated":true}]}}