
{"id":979,"date":"2016-03-15T10:35:30","date_gmt":"2016-03-15T10:35:30","guid":{"rendered":"http:\/\/hulu-split.hr\/?page_id=979"},"modified":"2025-05-27T14:02:11","modified_gmt":"2025-05-27T12:02:11","slug":"join-us","status":"publish","type":"page","link":"http:\/\/hulu-split.hr\/en\/info-2\/uclanite-se\/","title":{"rendered":"JOIN US"},"content":{"rendered":"<div id=\"pravilnik\" class=\"pravilnik\">\n<p>Any person with legal capacity who is a Croatian citizen or a foreign citizen residing in the Republic of Croatia and meets the special conditions prescribed by the Statute and regulations can become a regular member of the Croatian Association of Fine Artists - Split.<\/p>\n<p>Regular membership is divided into the following sections:<\/p>\n<ul>\n<li>Painting section<\/li>\n<li>Cypriot section<\/li>\n<li>Multimedia Section<\/li>\n<li>Curatorial Section<\/li>\n<li>Interdisciplinary Arts Section<\/li>\n<\/ul>\n<p>__________<\/p>\n<p><span style=\"color: #000080;\"><strong>ADMISSION FOR CANDIDATES NOT SUBJECT TO ADDITIONAL COMMITTEE EVALUATION<\/strong><\/span><\/p>\n<p>Candidates who have completed one of the higher education studies listed below are not subject to additional evaluation by the expert committee after applying to the competition.<\/p>\n<ul>\n<li><strong>ACADEMY OF FINE ARTS,<\/strong> Croatian or foreign with a<strong> nostrified<\/strong> diploma, with the title:<\/li>\n<li>academic painter, Master of Painting, Doctor of Arts in Painting, academic graphic artist, Master of Graphic Arts, Doctor of Arts in Graphic Arts, university specialist in graphic arts<\/li>\n<li>academic sculptor, master of sculpture, doctor of arts in sculpture, master of sculpture \u2013 specialist<\/li>\n<li>Master of Animated Film and New Media, Master of Film, Media Art and Animation, Master of Media Arts<\/li>\n<li>Mag. art. and Mag. paed. \u2013 Professor of Art Education and Fine Arts, Master of Art Education and Fine Arts<\/li>\n<li>mag.art. - Master of Conservation and Restoration<\/li>\n<\/ul>\n<ul>\n<li><strong>ART HISTORY STUDIES<\/strong>, Croatian or foreign with a recognized diploma with the title:<\/li>\n<li>Master of Art History<\/li>\n<li>Master of Art Education<\/li>\n<li>Doctor of Philosophy in Art History<\/li>\n<\/ul>\n<p>note:\u00a0<strong>Diplomas from private educational institutions<\/strong>\u00a0which are not recognized as academic institutions within the higher education system in the Republic of Croatia <strong>do not meet the requirements for the requested formal education,<\/strong> candidates with such diplomas are considered candidates subject to additional evaluation by the admissions committee when applying for the competition.<\/p>\n<\/div>\n<p>__________<\/p>\n<div id=\"pravilnik\" class=\"pravilnik\">\n<p><span style=\"color: #000080;\"><strong>ADMISSION REQUIREMENTS FOR CANDIDATES SUBJECT TO ADDITIONAL COMMISSION EVALUATION<\/strong><\/span><\/p>\n<p>Candidates who do not have the qualifications listed above\u00a0 <strong>I can access the competition if I meet the following conditions<\/strong>:<\/p>\n<ul>\n<li><strong> For art sections: <\/strong>at least three solo exhibitions in recognized gallery spaces in the Republic of Croatia and\/or a recommendation from a recognized visual arts expert.<\/li>\n<\/ul>\n<ul>\n<li><strong> For the curatorial section: <\/strong>at least three publicly published expert texts and\/or recommendations from a recognized expert in the field of visual arts.<\/li>\n<\/ul>\n<p>Qualitative assessment of candidates without formal education who have met the requirements to apply for the selection process, <strong>is conducted by the expert commission for the admission of new members.<\/strong><\/p>\n<p>University bachelor's degree holders are considered candidates without formal education when applying for a competition.<\/p>\n<p>&nbsp;<\/p>\n<p>__________<\/p>\n<p><span style=\"color: #000080;\"><strong>APPLICATION FOR THE COMPETITION<\/strong><\/span><\/p>\n<p>Admission to regular membership for all candidates is carried out through a public tender, which is announced at least once a year, usually during March or April. <strong>Applications must be submitted exclusively through the prescribed online form, within the designated deadline. All elements of the application documentation must be submitted exclusively through the specified form.<\/strong> Applications received after the deadline or submitted in another way will not be considered.<\/p>\n<\/div>\n<p>__________<\/p>\n<p><strong><span style=\"color: #000080;\">REGULATIONS\u00a0\u00a0<\/span><\/strong><span style=\"color: #000080;\"><strong>ON THE MANNER AND CONDITIONS OF OBTAINING MEMBERSHIP <\/strong><strong>IN THE CROATIAN ASSOCIATION OF VISUAL ARTISTS - SPLIT\u00a0 <\/strong><\/span><\/p>\n<p>The Rules on the Method and Conditions for Acquiring Membership in HULU-Split are available\u00a0<a href=\"https:\/\/drive.google.com\/file\/d\/1hEftopvSytJe75E_7KPtbMzHBC_VBZG3\/view?usp=sharing\">here<\/a><\/p>\n<div id=\"pravilnik\" class=\"pravilnik\">\n<p><strong>\u00a0<\/strong><\/p>\n<\/div>","protected":false},"excerpt":{"rendered":"<p>Redovnim \u010dlanom Hrvatske udruge likovnih umjetnika &#8211; Split\u00a0\u00a0mo\u017ee postati svaka poslovno sposobna fizi\u010dka osoba koja je hrvatski dr\u017eavljanin ili strani dr\u017eavljanin s prebivali\u0161tem u Republici Hrvatskoj te ispunjava posebne uvjete propisane Statutom i pravilnikom. Redovno \u010dlanstvo podijeljeno je u sljede\u0107e sekcije: Slikarska sekcija Kiparska sekcija Multimedijalna sekcija Kustoska sekcija Sekcija interdisciplinarne umjetnosti __________ PRIJEM ZA KANDIDATE\u00a0KOJI NE PODLIJE\u017dU DODATNOJ EVALUACIJI KOMISIJE Kandidati koji su zavr\u0161ili jedan od dolje navedenih visoko\u0161kolskih<\/p>\n<a href=\"http:\/\/hulu-split.hr\/en\/info-2\/uclanite-se\/\"> <div class=\"readmorelink\"><div class=\"rmtext\">[ Pro\u010ditaj vi\u0161e ]<\/div><\/div><\/a>","protected":false},"author":1,"featured_media":0,"parent":647,"menu_order":0,"comment_status":"closed","ping_status":"closed","template":"","meta":{"_acf_changed":false,"footnotes":""},"class_list":{"0":"post-979","1":"page","2":"type-page","3":"status-publish","5":"entry","6":"gs-1","7":"gs-odd","8":"gs-even","9":"gs-featured-content-entry"},"acf":[],"yoast_head":"<!-- This site is optimized with the Yoast SEO plugin v27.0 - https:\/\/yoast.com\/product\/yoast-seo-wordpress\/ -->\n<title>U\u010cLANITE SE &#8211; HRVATSKA UDRUGA LIKOVNIH UMJETNIKA<\/title>\n<meta name=\"robots\" content=\"index, follow, max-snippet:-1, max-image-preview:large, max-video-preview:-1\" \/>\n<link rel=\"canonical\" href=\"https:\/\/hulu-split.hr\/en\/info-2\/join-us\/\" \/>\n<meta property=\"og:locale\" content=\"en_US\" \/>\n<meta property=\"og:type\" content=\"article\" \/>\n<meta property=\"og:title\" content=\"U\u010cLANITE SE &#8211; HRVATSKA UDRUGA LIKOVNIH UMJETNIKA\" \/>\n<meta property=\"og:description\" content=\"Redovnim \u010dlanom Hrvatske udruge likovnih umjetnika &#8211; Split\u00a0\u00a0mo\u017ee postati svaka poslovno sposobna fizi\u010dka osoba koja je hrvatski dr\u017eavljanin ili strani dr\u017eavljanin s prebivali\u0161tem u Republici Hrvatskoj te ispunjava posebne uvjete propisane Statutom i pravilnikom. Redovno \u010dlanstvo podijeljeno je u sljede\u0107e sekcije: Slikarska sekcija Kiparska sekcija Multimedijalna sekcija Kustoska sekcija Sekcija interdisciplinarne umjetnosti __________ PRIJEM ZA KANDIDATE\u00a0KOJI NE PODLIJE\u017dU DODATNOJ EVALUACIJI KOMISIJE Kandidati koji su zavr\u0161ili jedan od dolje navedenih visoko\u0161kolskih\" \/>\n<meta property=\"og:url\" content=\"https:\/\/hulu-split.hr\/en\/info-2\/join-us\/\" \/>\n<meta property=\"og:site_name\" content=\"HRVATSKA UDRUGA LIKOVNIH UMJETNIKA\" \/>\n<meta property=\"article:publisher\" content=\"https:\/\/www.facebook.com\/udrugaHULU\" \/>\n<meta property=\"article:modified_time\" content=\"2025-05-27T12:02:11+00:00\" \/>\n<meta name=\"twitter:card\" content=\"summary_large_image\" \/>\n<meta name=\"twitter:site\" content=\"@hulusplit\" \/>\n<meta name=\"twitter:label1\" content=\"Est. reading time\" \/>\n\t<meta name=\"twitter:data1\" content=\"2 minutes\" \/>\n<script type=\"application\/ld+json\" class=\"yoast-schema-graph\">{\"@context\":\"https:\/\/schema.org\",\"@graph\":[{\"@type\":\"WebPage\",\"@id\":\"https:\/\/hulu-split.hr\/info-2\/uclanite-se\/\",\"url\":\"https:\/\/hulu-split.hr\/info-2\/uclanite-se\/\",\"name\":\"U\u010cLANITE SE &#8211; HRVATSKA UDRUGA LIKOVNIH UMJETNIKA\",\"isPartOf\":{\"@id\":\"https:\/\/hulu-split.hr\/#website\"},\"datePublished\":\"2016-03-15T10:35:30+00:00\",\"dateModified\":\"2025-05-27T12:02:11+00:00\",\"breadcrumb\":{\"@id\":\"https:\/\/hulu-split.hr\/info-2\/uclanite-se\/#breadcrumb\"},\"inLanguage\":\"en-US\",\"potentialAction\":[{\"@type\":\"ReadAction\",\"target\":[\"https:\/\/hulu-split.hr\/info-2\/uclanite-se\/\"]}]},{\"@type\":\"BreadcrumbList\",\"@id\":\"https:\/\/hulu-split.hr\/info-2\/uclanite-se\/#breadcrumb\",\"itemListElement\":[{\"@type\":\"ListItem\",\"position\":1,\"name\":\"Po\u010detna stranica\",\"item\":\"https:\/\/hulu-split.hr\/\"},{\"@type\":\"ListItem\",\"position\":2,\"name\":\"Info\",\"item\":\"https:\/\/hulu-split.hr\/en\/info-2\/\"},{\"@type\":\"ListItem\",\"position\":3,\"name\":\"U\u010cLANITE SE\"}]},{\"@type\":\"WebSite\",\"@id\":\"https:\/\/hulu-split.hr\/#website\",\"url\":\"https:\/\/hulu-split.hr\/\",\"name\":\"HRVATSKA UDRUGA LIKOVNIH UMJETNIKA\",\"description\":\"CROATIAN ASSOCIATION OF VISUAL ARTISTS\",\"potentialAction\":[{\"@type\":\"SearchAction\",\"target\":{\"@type\":\"EntryPoint\",\"urlTemplate\":\"https:\/\/hulu-split.hr\/?s={search_term_string}\"},\"query-input\":{\"@type\":\"PropertyValueSpecification\",\"valueRequired\":true,\"valueName\":\"search_term_string\"}}],\"inLanguage\":\"en-US\"}]}<\/script>\n<!-- \/ Yoast SEO plugin. -->","yoast_head_json":{"title":"JOIN \u2013 CROATIAN ASSOCIATION OF FINE ARTISTS","robots":{"index":"index","follow":"follow","max-snippet":"max-snippet:-1","max-image-preview":"max-image-preview:large","max-video-preview":"max-video-preview:-1"},"canonical":"https:\/\/hulu-split.hr\/en\/info-2\/join-us\/","og_locale":"en_US","og_type":"article","og_title":"U\u010cLANITE SE &#8211; HRVATSKA UDRUGA LIKOVNIH UMJETNIKA","og_description":"Redovnim \u010dlanom Hrvatske udruge likovnih umjetnika &#8211; Split\u00a0\u00a0mo\u017ee postati svaka poslovno sposobna fizi\u010dka osoba koja je hrvatski dr\u017eavljanin ili strani dr\u017eavljanin s prebivali\u0161tem u Republici Hrvatskoj te ispunjava posebne uvjete propisane Statutom i pravilnikom. Redovno \u010dlanstvo podijeljeno je u sljede\u0107e sekcije: Slikarska sekcija Kiparska sekcija Multimedijalna sekcija Kustoska sekcija Sekcija interdisciplinarne umjetnosti __________ PRIJEM ZA KANDIDATE\u00a0KOJI NE PODLIJE\u017dU DODATNOJ EVALUACIJI KOMISIJE Kandidati koji su zavr\u0161ili jedan od dolje navedenih visoko\u0161kolskih","og_url":"https:\/\/hulu-split.hr\/en\/info-2\/join-us\/","og_site_name":"HRVATSKA UDRUGA LIKOVNIH UMJETNIKA","article_publisher":"https:\/\/www.facebook.com\/udrugaHULU","article_modified_time":"2025-05-27T12:02:11+00:00","twitter_card":"summary_large_image","twitter_site":"@hulusplit","twitter_misc":{"Est. reading time":"2 minutes"},"schema":{"@context":"https:\/\/schema.org","@graph":[{"@type":"WebPage","@id":"https:\/\/hulu-split.hr\/info-2\/uclanite-se\/","url":"https:\/\/hulu-split.hr\/info-2\/uclanite-se\/","name":"JOIN \u2013 CROATIAN ASSOCIATION OF FINE ARTISTS","isPartOf":{"@id":"https:\/\/hulu-split.hr\/#website"},"datePublished":"2016-03-15T10:35:30+00:00","dateModified":"2025-05-27T12:02:11+00:00","breadcrumb":{"@id":"https:\/\/hulu-split.hr\/info-2\/uclanite-se\/#breadcrumb"},"inLanguage":"en-US","potentialAction":[{"@type":"ReadAction","target":["https:\/\/hulu-split.hr\/info-2\/uclanite-se\/"]}]},{"@type":"BreadcrumbList","@id":"https:\/\/hulu-split.hr\/info-2\/uclanite-se\/#breadcrumb","itemListElement":[{"@type":"ListItem","position":1,"name":"Po\u010detna stranica","item":"https:\/\/hulu-split.hr\/"},{"@type":"ListItem","position":2,"name":"Info","item":"https:\/\/hulu-split.hr\/en\/info-2\/"},{"@type":"ListItem","position":3,"name":"U\u010cLANITE SE"}]},{"@type":"WebSite","@id":"https:\/\/hulu-split.hr\/#website","url":"https:\/\/hulu-split.hr\/","name":"CROATIAN ASSOCIATION OF FINE ARTISTS","description":"CROATIAN ASSOCIATION OF VISUAL ARTISTS","potentialAction":[{"@type":"SearchAction","target":{"@type":"EntryPoint","urlTemplate":"https:\/\/hulu-split.hr\/?s={search_term_string}"},"query-input":{"@type":"PropertyValueSpecification","valueRequired":true,"valueName":"search_term_string"}}],"inLanguage":"en-US"}]}},"_links":{"self":[{"href":"http:\/\/hulu-split.hr\/en\/wp-json\/wp\/v2\/pages\/979","targetHints":{"allow":["GET"]}}],"collection":[{"href":"http:\/\/hulu-split.hr\/en\/wp-json\/wp\/v2\/pages"}],"about":[{"href":"http:\/\/hulu-split.hr\/en\/wp-json\/wp\/v2\/types\/page"}],"author":[{"embeddable":true,"href":"http:\/\/hulu-split.hr\/en\/wp-json\/wp\/v2\/users\/1"}],"replies":[{"embeddable":true,"href":"http:\/\/hulu-split.hr\/en\/wp-json\/wp\/v2\/comments?post=979"}],"version-history":[{"count":26,"href":"http:\/\/hulu-split.hr\/en\/wp-json\/wp\/v2\/pages\/979\/revisions"}],"predecessor-version":[{"id":20719,"href":"http:\/\/hulu-split.hr\/en\/wp-json\/wp\/v2\/pages\/979\/revisions\/20719"}],"up":[{"embeddable":true,"href":"http:\/\/hulu-split.hr\/en\/wp-json\/wp\/v2\/pages\/647"}],"wp:attachment":[{"href":"http:\/\/hulu-split.hr\/en\/wp-json\/wp\/v2\/media?parent=979"}],"curies":[{"name":"wp","href":"https:\/\/api.w.org\/{rel}","templated":true}]}}