
{"id":983,"date":"2016-03-15T10:36:24","date_gmt":"2016-03-15T10:36:24","guid":{"rendered":"http:\/\/hulu-split.hr\/?page_id=983"},"modified":"2025-06-10T14:22:24","modified_gmt":"2025-06-10T12:22:24","slug":"gaelic-salon","status":"publish","type":"page","link":"http:\/\/hulu-split.hr\/en\/info-2\/salon-galic\/","title":{"rendered":"Gali\u0107 Salon"},"content":{"rendered":"<div class=\"one-half first\"><\/div>\n<div class=\"one-half first\">\n<div class=\"salon-feature\">\u00a0______________________<\/div>\n<div class=\"salon-feature\"><\/div>\n<div class=\"salon-feature\">Stanje: srpanj 2006. (obnova), 2022. -2025.(djelomi\u010dna obnova)<br \/>\nPovr\u0161ina: 95 m2<br \/>\nNajve\u0107a visina: 4,20 m<br \/>\nNajmanja visina: 2,30 m (na ulazu)<br \/>\nZidovi: Bijeli<br \/>\nPodovi: Parket i kamen (ulazni prostor)<br \/>\nStrop: Bijeli<br \/>\nKonzole za staklene panoe: Da<br \/>\nRasvjeta: Neonska i reflektori<br \/>\nSanitarni prostor: Da<br \/>\nVoditelj izlo\u017ebene djelatnosti:\u00a0Ana Brati\u0107<\/div>\n<div class=\"uclani-opis justify\">\n<p>______________<\/p>\n<p><strong>O SALONU GALI\u0106<\/strong><\/p>\n<p><img loading=\"lazy\" decoding=\"async\" class=\"alignnone wp-image-20090\" src=\"https:\/\/hulu-split.hr\/wp-content\/uploads\/2024\/12\/g2-150x150.jpg\" alt=\"g2\" width=\"200\" height=\"200\" srcset=\"https:\/\/hulu-split.hr\/wp-content\/uploads\/2024\/12\/g2-150x150.jpg 150w, https:\/\/hulu-split.hr\/wp-content\/uploads\/2024\/12\/g2-480x480.jpg 480w, https:\/\/hulu-split.hr\/wp-content\/uploads\/2024\/12\/g2-250x250.jpg 250w, https:\/\/hulu-split.hr\/wp-content\/uploads\/2024\/12\/g2-800x800.jpg 800w, https:\/\/hulu-split.hr\/wp-content\/uploads\/2024\/12\/g2.jpg 1200w\" sizes=\"auto, (max-width: 200px) 100vw, 200px\" \/> <img loading=\"lazy\" decoding=\"async\" class=\"alignnone wp-image-20091\" src=\"https:\/\/hulu-split.hr\/wp-content\/uploads\/2024\/12\/g1-150x150.jpg\" alt=\"g1\" width=\"200\" height=\"200\" srcset=\"https:\/\/hulu-split.hr\/wp-content\/uploads\/2024\/12\/g1-150x150.jpg 150w, https:\/\/hulu-split.hr\/wp-content\/uploads\/2024\/12\/g1-480x480.jpg 480w, https:\/\/hulu-split.hr\/wp-content\/uploads\/2024\/12\/g1-250x250.jpg 250w, https:\/\/hulu-split.hr\/wp-content\/uploads\/2024\/12\/g1.jpg 598w\" sizes=\"auto, (max-width: 200px) 100vw, 200px\" \/><\/p>\n<p>Salon Gali\u0107 je zapo\u010deo s izlaga\u010dkom djelatno\u0161\u0107u\u00a0 1924. godine i danas predstavlja kultno mjesto umjetni\u010dkog \u017eivota u Splitu. Salon je osnovao\u00a0Ivan Gali\u0107\u00a0(1884.-1961.)\u00a0 u \u010diju \u010dast\u00a0i\u00a0danas galerija nosi ime.\u00a0 Salon Gali\u0107 je bio jedini umjetni\u010dki izlo\u017ebeni prostor u Splitu u razdoblju izme\u0111u dvaju svjetskih ratova, a u njemu su kroz povijest izlagali mnogi\u00a0 istaknuti umjetnici 20. stolje\u0107a.<\/p>\n<p>Salon Gali\u0107 je otvoren za izlaga\u010dku aktivnost 1924. godine grupnom izlo\u017ebom na kojoj su svoja djela pokazala dvojica slikara: Emanuel Vidovi\u0107 i An\u0111eo Uvodi\u0107. U to vrijeme izme\u0111u dva rata, Salon Gali\u0107 je posjedovao istinski kultni status kao glavni Art Salon koji je imao funkciju okupljali\u0161ta tada\u0161nje intelektualne elite. Neki od njih su do danas potvr\u0111eni kao velikani hrvatske kulture. Me\u0111u njima je bilo knji\u017eevnika kao \u0161to su Dinko \u0160imunovic, Tin Ujevic, Vladimir Nazor, Kipari Dujam Penic, Marin Studin, Branko De\u0161kovic,\u00a0 slikari Antun Zupa, Milan Tolic, Silvije Bonacci Ciko, An\u0111eo Uvodi\u0107, Vjekoslav Para\u0107 i drugi. Me\u0111u umjetnicima koji su\u00a0tada\u00a0izlagali bili su i Ljubo Babi\u0107, Vladimir Beci\u0107, Jozo Kljakovi\u0107, Jerolim Mi\u0161e, Ivan Me\u0161trovi\u0107, Fran Kr\u0161ini\u0107, Zlatko \u0160ulenti\u0107, Marin Studin i Vladimir Varlaj. Izlaga\u010dka djelatnost nastavila se izlo\u017ebama Ignjata Joba, Neven \u0160egvi\u0107, Marko Ostoja, Raul Goldoni, Svetozar Domi\u0107, Antun Masle i mnogi drugi.<\/p>\n<p>Nakon smrti Ivana Gali\u0107a 1961. godine upravljanje Salonom Gali\u0107 preuzima \u00a0Hrvatska udruga likovnih umjetnika\u00a0koja kontinuirano upravlja galerijom vi\u0161e od 60 godina. \u00a0Godine 2014.\u00a0 rje\u0161enjem Uprave za za\u0161titu kulturne ba\u0161tine Ministarstva kulture RH\u00a0 Salon Gali\u0107 je \u00a0kao najstarija splitska galerija progla\u0161en i kulturnim dobrom.\u00a0 Iako je grad Split odavno prerastao okvire malog primorskog grada i njegovog malog art salona, Salon Gali\u0107 u Marmontovoj ulici i dalje predstavlja op\u0107e mjesto kulture grada Splita.<\/p>\n<p>Today, the core of the exhibition program at Salon Gali\u0107 consists of recent artistic productions by domestic and international artists in the field of contemporary art (video works, paintings, prints, performances, installations, photographs, sculptures, objects, etc.). In addition to the exhibition part, the program also includes educational discursive activities, artistic residencies, and collaborations and networking with domestic and foreign associations and organizations in the field of contemporary art.<\/p>\n<\/div>\n<\/div>\n<div class=\"one-third right\"><img loading=\"lazy\" decoding=\"async\" class=\"alignnone size-full wp-image-1329\" src=\"http:\/\/hulu-split.hr\/wp-content\/uploads\/2016\/03\/galic_tlocrt.jpg\" alt=\"galic_tlocrt\" width=\"800\" height=\"479\" srcset=\"https:\/\/hulu-split.hr\/wp-content\/uploads\/2016\/03\/galic_tlocrt.jpg 800w, https:\/\/hulu-split.hr\/wp-content\/uploads\/2016\/03\/galic_tlocrt-300x180.jpg 300w, https:\/\/hulu-split.hr\/wp-content\/uploads\/2016\/03\/galic_tlocrt-768x460.jpg 768w, https:\/\/hulu-split.hr\/wp-content\/uploads\/2016\/03\/galic_tlocrt-250x150.jpg 250w, https:\/\/hulu-split.hr\/wp-content\/uploads\/2016\/03\/galic_tlocrt-480x287.jpg 480w\" sizes=\"auto, (max-width: 800px) 100vw, 800px\" \/><br \/>\n<a href=\"http:\/\/hulu-split.hr\/wp-content\/uploads\/2015\/07\/galic_tlocrt.pdf\">Preuzmite nacrt prostora s mjerama u PDF formatu ovdje<\/a><\/div>\n<div class=\"one-third right\"><img loading=\"lazy\" decoding=\"async\" class=\"alignright size-full wp-image-20766\" src=\"https:\/\/hulu-split.hr\/wp-content\/uploads\/2016\/03\/Tlocrt-Izloga.jpg\" alt=\"Tlocrt Izloga\" width=\"892\" height=\"826\" srcset=\"https:\/\/hulu-split.hr\/wp-content\/uploads\/2016\/03\/Tlocrt-Izloga.jpg 892w, https:\/\/hulu-split.hr\/wp-content\/uploads\/2016\/03\/Tlocrt-Izloga-250x232.jpg 250w, https:\/\/hulu-split.hr\/wp-content\/uploads\/2016\/03\/Tlocrt-Izloga-480x444.jpg 480w\" sizes=\"auto, (max-width: 892px) 100vw, 892px\" \/><br \/>\n<img loading=\"lazy\" decoding=\"async\" class=\"alignnone size-full wp-image-1327 margin-top40\" src=\"http:\/\/hulu-split.hr\/wp-content\/uploads\/2016\/03\/3dgalic.jpg\" alt=\"3dgalic\" width=\"800\" height=\"433\" srcset=\"https:\/\/hulu-split.hr\/wp-content\/uploads\/2016\/03\/3dgalic.jpg 800w, https:\/\/hulu-split.hr\/wp-content\/uploads\/2016\/03\/3dgalic-300x162.jpg 300w, https:\/\/hulu-split.hr\/wp-content\/uploads\/2016\/03\/3dgalic-768x416.jpg 768w, https:\/\/hulu-split.hr\/wp-content\/uploads\/2016\/03\/3dgalic-250x135.jpg 250w, https:\/\/hulu-split.hr\/wp-content\/uploads\/2016\/03\/3dgalic-480x260.jpg 480w\" sizes=\"auto, (max-width: 800px) 100vw, 800px\" \/><br \/>\n<a href=\"https:\/\/hulu-split.hr\/wp-content\/uploads\/2024\/07\/galic.skp\" target=\"_blank\">Preuzmite 3D model prostora u Google Sketchup formatu (17MB) ovdje<\/a><\/div>\n<div class=\"one-third right\"><\/div>\n<div class=\"one-third right\"><\/div>\n<div class=\"salon-centar margin-top60\"><img loading=\"lazy\" decoding=\"async\" class=\"aligncenter size-full wp-image-1330\" src=\"http:\/\/hulu-split.hr\/wp-content\/uploads\/2016\/03\/galic_lokacija.jpg\" alt=\"galic_lokacija\" width=\"700\" height=\"320\" srcset=\"https:\/\/hulu-split.hr\/wp-content\/uploads\/2016\/03\/galic_lokacija.jpg 700w, https:\/\/hulu-split.hr\/wp-content\/uploads\/2016\/03\/galic_lokacija-300x137.jpg 300w, https:\/\/hulu-split.hr\/wp-content\/uploads\/2016\/03\/galic_lokacija-250x114.jpg 250w, https:\/\/hulu-split.hr\/wp-content\/uploads\/2016\/03\/galic_lokacija-480x219.jpg 480w\" sizes=\"auto, (max-width: 700px) 100vw, 700px\" \/><\/div>\n<div class=\"salon-centar margin-top60\" style=\"text-align: center;\"><\/div>\n<div class=\"salon-centar margin-top60\" style=\"text-align: center;\">Marmontova 3, Split<br \/>\n+385 (21) 348\u00a0177<\/div>\n<div class=\"salon-centar margin-top60\" style=\"text-align: center;\"><strong>Radno vrijeme (zima)<\/strong><br \/>\nPon-Sub 10:00 &#8211; 13:00, 16:00 &#8211; 20:00<br \/>\n<strong>Radno vrijeme (ljeto)<\/strong><br \/>\nPon-Sub 10:00 &#8211; 13:00, 17:00 &#8211; 21:00<\/div>\n<div class=\"salon-centar margin-top60\" style=\"text-align: center;\"><\/div>\n<div class=\"salon-centar margin-top60\" style=\"text-align: center;\">___________<\/div>\n<div class=\"salon-centar margin-top60\" style=\"text-align: center;\"><\/div>\n<div class=\"salon-centar margin-top60\" style=\"text-align: center;\"><\/div>\n<div class=\"salon-centar margin-top60\" style=\"text-align: center;\">IZBOR FOTOGRAFIJA S IZLO\u017dBI U SALONU GALI\u0106:<\/div>\n<div class=\"salon-centar margin-top60\" style=\"text-align: center;\"><img loading=\"lazy\" decoding=\"async\" class=\"size-full wp-image-20767\" src=\"https:\/\/hulu-split.hr\/wp-content\/uploads\/2016\/03\/fotografija-izloga-1.jpg\" alt=\"fotografija izloga 1\" width=\"1200\" height=\"800\" srcset=\"https:\/\/hulu-split.hr\/wp-content\/uploads\/2016\/03\/fotografija-izloga-1.jpg 1200w, https:\/\/hulu-split.hr\/wp-content\/uploads\/2016\/03\/fotografija-izloga-1-250x167.jpg 250w, https:\/\/hulu-split.hr\/wp-content\/uploads\/2016\/03\/fotografija-izloga-1-480x320.jpg 480w\" sizes=\"auto, (max-width: 1200px) 100vw, 1200px\" \/> <img loading=\"lazy\" decoding=\"async\" class=\"size-full wp-image-20768\" src=\"https:\/\/hulu-split.hr\/wp-content\/uploads\/2016\/03\/fotografija-izloga-2.jpg\" alt=\"fotografija izloga 2\" width=\"1200\" height=\"800\" srcset=\"https:\/\/hulu-split.hr\/wp-content\/uploads\/2016\/03\/fotografija-izloga-2.jpg 1200w, https:\/\/hulu-split.hr\/wp-content\/uploads\/2016\/03\/fotografija-izloga-2-250x167.jpg 250w, https:\/\/hulu-split.hr\/wp-content\/uploads\/2016\/03\/fotografija-izloga-2-480x320.jpg 480w\" sizes=\"auto, (max-width: 1200px) 100vw, 1200px\" \/><\/div>\n<div class=\"salon-centar margin-top60\"><\/div>\n<div class=\"salon-centar margin-top60\"><img loading=\"lazy\" decoding=\"async\" class=\"wp-image-10869 aligncenter\" src=\"http:\/\/hulu-split.hr\/wp-content\/uploads\/2016\/03\/gfre-6_1600x1067.jpg\" alt=\"gfre (6)_1600x1067\" width=\"693\" height=\"462\" srcset=\"https:\/\/hulu-split.hr\/wp-content\/uploads\/2016\/03\/gfre-6_1600x1067.jpg 1200w, https:\/\/hulu-split.hr\/wp-content\/uploads\/2016\/03\/gfre-6_1600x1067-250x167.jpg 250w, https:\/\/hulu-split.hr\/wp-content\/uploads\/2016\/03\/gfre-6_1600x1067-480x320.jpg 480w\" sizes=\"auto, (max-width: 693px) 100vw, 693px\" \/><\/div>\n<div class=\"salon-centar margin-top60\"><\/div>\n<div class=\"salon-centar margin-top60\"><\/div>\n<div class=\"salon-centar margin-top60\"><img loading=\"lazy\" decoding=\"async\" class=\"wp-image-17470 aligncenter\" src=\"http:\/\/hulu-split.hr\/wp-content\/uploads\/2016\/03\/DAR6633.jpg\" alt=\"_DAR6633\" width=\"701\" height=\"394\" srcset=\"https:\/\/hulu-split.hr\/wp-content\/uploads\/2016\/03\/DAR6633.jpg 1200w, https:\/\/hulu-split.hr\/wp-content\/uploads\/2016\/03\/DAR6633-250x141.jpg 250w, https:\/\/hulu-split.hr\/wp-content\/uploads\/2016\/03\/DAR6633-480x270.jpg 480w\" sizes=\"auto, (max-width: 701px) 100vw, 701px\" \/><\/div>\n<div class=\"salon-centar margin-top60\"><\/div>\n<div class=\"salon-centar margin-top60\"><\/div>\n<div class=\"salon-centar margin-top60\" style=\"text-align: center;\"><img loading=\"lazy\" decoding=\"async\" class=\"wp-image-17468 aligncenter\" src=\"http:\/\/hulu-split.hr\/wp-content\/uploads\/2016\/03\/20.jpg\" alt=\"20\" width=\"688\" height=\"387\" srcset=\"https:\/\/hulu-split.hr\/wp-content\/uploads\/2016\/03\/20.jpg 1200w, https:\/\/hulu-split.hr\/wp-content\/uploads\/2016\/03\/20-250x141.jpg 250w, https:\/\/hulu-split.hr\/wp-content\/uploads\/2016\/03\/20-480x270.jpg 480w\" sizes=\"auto, (max-width: 688px) 100vw, 688px\" \/><\/div>\n<div class=\"salon-centar margin-top60\" style=\"text-align: center;\"><\/div>\n<div class=\"salon-centar margin-top60\" style=\"text-align: center;\"><img loading=\"lazy\" decoding=\"async\" class=\"wp-image-17467 aligncenter\" src=\"http:\/\/hulu-split.hr\/wp-content\/uploads\/2016\/03\/16a.jpg\" alt=\"16a\" width=\"683\" height=\"384\" srcset=\"https:\/\/hulu-split.hr\/wp-content\/uploads\/2016\/03\/16a.jpg 1200w, https:\/\/hulu-split.hr\/wp-content\/uploads\/2016\/03\/16a-250x141.jpg 250w, https:\/\/hulu-split.hr\/wp-content\/uploads\/2016\/03\/16a-480x270.jpg 480w\" sizes=\"auto, (max-width: 683px) 100vw, 683px\" \/><\/div>\n<div class=\"salon-centar margin-top60\" style=\"text-align: center;\"><\/div>\n<div class=\"salon-centar margin-top60\" style=\"text-align: center;\"><img loading=\"lazy\" decoding=\"async\" class=\"wp-image-17471\" src=\"http:\/\/hulu-split.hr\/wp-content\/uploads\/2016\/03\/10.jpg\" alt=\"10\" width=\"695\" height=\"391\" srcset=\"https:\/\/hulu-split.hr\/wp-content\/uploads\/2016\/03\/10.jpg 1200w, https:\/\/hulu-split.hr\/wp-content\/uploads\/2016\/03\/10-250x141.jpg 250w, https:\/\/hulu-split.hr\/wp-content\/uploads\/2016\/03\/10-480x270.jpg 480w\" sizes=\"auto, (max-width: 695px) 100vw, 695px\" \/><\/div>\n<div class=\"salon-centar margin-top60\" style=\"text-align: center;\"><\/div>\n<div class=\"salon-centar margin-top60\" style=\"text-align: center;\"><\/div>\n<div class=\"salon-centar margin-top60\" style=\"text-align: center;\"><img loading=\"lazy\" decoding=\"async\" class=\"wp-image-17469\" src=\"http:\/\/hulu-split.hr\/wp-content\/uploads\/2016\/03\/27-1.jpg\" alt=\"27 (1)\" width=\"686\" height=\"457\" srcset=\"https:\/\/hulu-split.hr\/wp-content\/uploads\/2016\/03\/27-1.jpg 1200w, https:\/\/hulu-split.hr\/wp-content\/uploads\/2016\/03\/27-1-250x167.jpg 250w, https:\/\/hulu-split.hr\/wp-content\/uploads\/2016\/03\/27-1-480x320.jpg 480w\" sizes=\"auto, (max-width: 686px) 100vw, 686px\" \/><\/div>\n<div class=\"salon-centar margin-top60\" style=\"text-align: center;\"><\/div>\n<div class=\"salon-centar margin-top60\"><\/div>\n<div class=\"salon-centar margin-top60\"><img loading=\"lazy\" decoding=\"async\" class=\"wp-image-10870 aligncenter\" src=\"http:\/\/hulu-split.hr\/wp-content\/uploads\/2016\/03\/Stipe-Tadic-Postav-003_1600x1067.jpg\" alt=\"Stipe Tadic Postav 003_1600x1067\" width=\"700\" height=\"466\" srcset=\"https:\/\/hulu-split.hr\/wp-content\/uploads\/2016\/03\/Stipe-Tadic-Postav-003_1600x1067.jpg 1200w, https:\/\/hulu-split.hr\/wp-content\/uploads\/2016\/03\/Stipe-Tadic-Postav-003_1600x1067-250x167.jpg 250w, https:\/\/hulu-split.hr\/wp-content\/uploads\/2016\/03\/Stipe-Tadic-Postav-003_1600x1067-480x320.jpg 480w\" sizes=\"auto, (max-width: 700px) 100vw, 700px\" \/><\/div>\n<div class=\"salon-centar margin-top60\"><\/div>\n<div class=\"salon-centar margin-top60\"><\/div>\n<div class=\"salon-centar margin-top60\"><img loading=\"lazy\" decoding=\"async\" class=\"wp-image-10871 aligncenter\" src=\"http:\/\/hulu-split.hr\/wp-content\/uploads\/2016\/03\/Postav-016_1600x1067.jpg\" alt=\"Postav 016_1600x1067\" width=\"701\" height=\"467\" srcset=\"https:\/\/hulu-split.hr\/wp-content\/uploads\/2016\/03\/Postav-016_1600x1067.jpg 1200w, https:\/\/hulu-split.hr\/wp-content\/uploads\/2016\/03\/Postav-016_1600x1067-250x167.jpg 250w, https:\/\/hulu-split.hr\/wp-content\/uploads\/2016\/03\/Postav-016_1600x1067-480x320.jpg 480w\" sizes=\"auto, (max-width: 701px) 100vw, 701px\" \/><\/div>\n<div class=\"salon-centar margin-top60\"><\/div>\n<div class=\"salon-centar margin-top60\"><img loading=\"lazy\" decoding=\"async\" class=\"wp-image-17472 aligncenter\" src=\"http:\/\/hulu-split.hr\/wp-content\/uploads\/2016\/03\/30.jpg\" alt=\"30\" width=\"704\" height=\"469\" srcset=\"https:\/\/hulu-split.hr\/wp-content\/uploads\/2016\/03\/30.jpg 1200w, https:\/\/hulu-split.hr\/wp-content\/uploads\/2016\/03\/30-250x167.jpg 250w, https:\/\/hulu-split.hr\/wp-content\/uploads\/2016\/03\/30-480x320.jpg 480w\" sizes=\"auto, (max-width: 704px) 100vw, 704px\" \/><\/div>\n<div class=\"salon-centar margin-top60\"><\/div>","protected":false},"excerpt":{"rendered":"<p>\u00a0______________________ Stanje: srpanj 2006. (obnova), 2022. -2025.(djelomi\u010dna obnova) Povr\u0161ina: 95 m2 Najve\u0107a visina: 4,20 m Najmanja visina: 2,30 m (na ulazu) Zidovi: Bijeli Podovi: Parket i kamen (ulazni prostor) Strop: Bijeli Konzole za staklene panoe: Da Rasvjeta: Neonska i reflektori Sanitarni prostor: Da Voditelj izlo\u017ebene djelatnosti:\u00a0Ana Brati\u0107 ______________ O SALONU GALI\u0106 Salon Gali\u0107 je zapo\u010deo s izlaga\u010dkom djelatno\u0161\u0107u\u00a0 1924. godine i danas predstavlja kultno mjesto umjetni\u010dkog \u017eivota u Splitu. Salon<\/p>\n<a href=\"http:\/\/hulu-split.hr\/en\/info-2\/salon-galic\/\"> <div class=\"readmorelink\"><div class=\"rmtext\">[ Pro\u010ditaj vi\u0161e ]<\/div><\/div><\/a>","protected":false},"author":1,"featured_media":0,"parent":647,"menu_order":0,"comment_status":"closed","ping_status":"closed","template":"","meta":{"_acf_changed":false,"footnotes":""},"class_list":{"0":"post-983","1":"page","2":"type-page","3":"status-publish","5":"entry","6":"has-post-thumbnail","7":"gs-1","8":"gs-odd","9":"gs-even","10":"gs-featured-content-entry"},"acf":[],"yoast_head":"<!-- This site is optimized with the Yoast SEO plugin v27.0 - https:\/\/yoast.com\/product\/yoast-seo-wordpress\/ -->\n<title>Salon Gali\u0107 &#8211; HRVATSKA UDRUGA LIKOVNIH UMJETNIKA<\/title>\n<meta name=\"robots\" content=\"index, follow, max-snippet:-1, max-image-preview:large, max-video-preview:-1\" \/>\n<link rel=\"canonical\" href=\"https:\/\/hulu-split.hr\/en\/info-2\/gaelic-salon\/\" \/>\n<meta property=\"og:locale\" content=\"en_US\" \/>\n<meta property=\"og:type\" content=\"article\" \/>\n<meta property=\"og:title\" content=\"Salon Gali\u0107 &#8211; HRVATSKA UDRUGA LIKOVNIH UMJETNIKA\" \/>\n<meta property=\"og:description\" content=\"\u00a0______________________ Stanje: srpanj 2006. (obnova), 2022. -2025.(djelomi\u010dna obnova) Povr\u0161ina: 95 m2 Najve\u0107a visina: 4,20 m Najmanja visina: 2,30 m (na ulazu) Zidovi: Bijeli Podovi: Parket i kamen (ulazni prostor) Strop: Bijeli Konzole za staklene panoe: Da Rasvjeta: Neonska i reflektori Sanitarni prostor: Da Voditelj izlo\u017ebene djelatnosti:\u00a0Ana Brati\u0107 ______________ O SALONU GALI\u0106 Salon Gali\u0107 je zapo\u010deo s izlaga\u010dkom djelatno\u0161\u0107u\u00a0 1924. godine i danas predstavlja kultno mjesto umjetni\u010dkog \u017eivota u Splitu. Salon\" \/>\n<meta property=\"og:url\" content=\"https:\/\/hulu-split.hr\/en\/info-2\/gaelic-salon\/\" \/>\n<meta property=\"og:site_name\" content=\"HRVATSKA UDRUGA LIKOVNIH UMJETNIKA\" \/>\n<meta property=\"article:publisher\" content=\"https:\/\/www.facebook.com\/udrugaHULU\" \/>\n<meta property=\"article:modified_time\" content=\"2025-06-10T12:22:24+00:00\" \/>\n<meta property=\"og:image\" content=\"https:\/\/hulu-split.hr\/wp-content\/uploads\/2024\/12\/g2.jpg\" \/>\n\t<meta property=\"og:image:width\" content=\"1200\" \/>\n\t<meta property=\"og:image:height\" content=\"1200\" \/>\n\t<meta property=\"og:image:type\" content=\"image\/jpeg\" \/>\n<meta name=\"twitter:card\" content=\"summary_large_image\" \/>\n<meta name=\"twitter:site\" content=\"@hulusplit\" \/>\n<meta name=\"twitter:label1\" content=\"Est. reading time\" \/>\n\t<meta name=\"twitter:data1\" content=\"2 minutes\" \/>\n<script type=\"application\/ld+json\" class=\"yoast-schema-graph\">{\"@context\":\"https:\/\/schema.org\",\"@graph\":[{\"@type\":\"WebPage\",\"@id\":\"https:\/\/hulu-split.hr\/en\/info-2\/salon-galic\/\",\"url\":\"https:\/\/hulu-split.hr\/en\/info-2\/salon-galic\/\",\"name\":\"Salon Gali\u0107 &#8211; HRVATSKA UDRUGA LIKOVNIH UMJETNIKA\",\"isPartOf\":{\"@id\":\"https:\/\/hulu-split.hr\/#website\"},\"primaryImageOfPage\":{\"@id\":\"https:\/\/hulu-split.hr\/en\/info-2\/salon-galic\/#primaryimage\"},\"image\":{\"@id\":\"https:\/\/hulu-split.hr\/en\/info-2\/salon-galic\/#primaryimage\"},\"thumbnailUrl\":\"https:\/\/hulu-split.hr\/wp-content\/uploads\/2024\/12\/g2-150x150.jpg\",\"datePublished\":\"2016-03-15T10:36:24+00:00\",\"dateModified\":\"2025-06-10T12:22:24+00:00\",\"breadcrumb\":{\"@id\":\"https:\/\/hulu-split.hr\/en\/info-2\/salon-galic\/#breadcrumb\"},\"inLanguage\":\"en-US\",\"potentialAction\":[{\"@type\":\"ReadAction\",\"target\":[\"https:\/\/hulu-split.hr\/en\/info-2\/salon-galic\/\"]}]},{\"@type\":\"ImageObject\",\"inLanguage\":\"en-US\",\"@id\":\"https:\/\/hulu-split.hr\/en\/info-2\/salon-galic\/#primaryimage\",\"url\":\"https:\/\/hulu-split.hr\/wp-content\/uploads\/2024\/12\/g2-150x150.jpg\",\"contentUrl\":\"https:\/\/hulu-split.hr\/wp-content\/uploads\/2024\/12\/g2-150x150.jpg\"},{\"@type\":\"BreadcrumbList\",\"@id\":\"https:\/\/hulu-split.hr\/en\/info-2\/salon-galic\/#breadcrumb\",\"itemListElement\":[{\"@type\":\"ListItem\",\"position\":1,\"name\":\"Po\u010detna stranica\",\"item\":\"https:\/\/hulu-split.hr\/\"},{\"@type\":\"ListItem\",\"position\":2,\"name\":\"Info\",\"item\":\"https:\/\/hulu-split.hr\/en\/info-2\/\"},{\"@type\":\"ListItem\",\"position\":3,\"name\":\"Salon Gali\u0107\"}]},{\"@type\":\"WebSite\",\"@id\":\"https:\/\/hulu-split.hr\/#website\",\"url\":\"https:\/\/hulu-split.hr\/\",\"name\":\"HRVATSKA UDRUGA LIKOVNIH UMJETNIKA\",\"description\":\"CROATIAN ASSOCIATION OF VISUAL ARTISTS\",\"potentialAction\":[{\"@type\":\"SearchAction\",\"target\":{\"@type\":\"EntryPoint\",\"urlTemplate\":\"https:\/\/hulu-split.hr\/?s={search_term_string}\"},\"query-input\":{\"@type\":\"PropertyValueSpecification\",\"valueRequired\":true,\"valueName\":\"search_term_string\"}}],\"inLanguage\":\"en-US\"}]}<\/script>\n<!-- \/ Yoast SEO plugin. -->","yoast_head_json":{"title":"Salon Gali\u0107 &#8211; HRVATSKA UDRUGA LIKOVNIH UMJETNIKA","robots":{"index":"index","follow":"follow","max-snippet":"max-snippet:-1","max-image-preview":"max-image-preview:large","max-video-preview":"max-video-preview:-1"},"canonical":"https:\/\/hulu-split.hr\/en\/info-2\/gaelic-salon\/","og_locale":"en_US","og_type":"article","og_title":"Salon Gali\u0107 &#8211; HRVATSKA UDRUGA LIKOVNIH UMJETNIKA","og_description":"\u00a0______________________ Stanje: srpanj 2006. (obnova), 2022. -2025.(djelomi\u010dna obnova) Povr\u0161ina: 95 m2 Najve\u0107a visina: 4,20 m Najmanja visina: 2,30 m (na ulazu) Zidovi: Bijeli Podovi: Parket i kamen (ulazni prostor) Strop: Bijeli Konzole za staklene panoe: Da Rasvjeta: Neonska i reflektori Sanitarni prostor: Da Voditelj izlo\u017ebene djelatnosti:\u00a0Ana Brati\u0107 ______________ O SALONU GALI\u0106 Salon Gali\u0107 je zapo\u010deo s izlaga\u010dkom djelatno\u0161\u0107u\u00a0 1924. godine i danas predstavlja kultno mjesto umjetni\u010dkog \u017eivota u Splitu. Salon","og_url":"https:\/\/hulu-split.hr\/en\/info-2\/gaelic-salon\/","og_site_name":"HRVATSKA UDRUGA LIKOVNIH UMJETNIKA","article_publisher":"https:\/\/www.facebook.com\/udrugaHULU","article_modified_time":"2025-06-10T12:22:24+00:00","og_image":[{"width":1200,"height":1200,"url":"https:\/\/hulu-split.hr\/wp-content\/uploads\/2024\/12\/g2.jpg","type":"image\/jpeg"}],"twitter_card":"summary_large_image","twitter_site":"@hulusplit","twitter_misc":{"Est. reading time":"2 minutes"},"schema":{"@context":"https:\/\/schema.org","@graph":[{"@type":"WebPage","@id":"https:\/\/hulu-split.hr\/en\/info-2\/salon-galic\/","url":"https:\/\/hulu-split.hr\/en\/info-2\/salon-galic\/","name":"Salon Gali\u0107 &#8211; HRVATSKA UDRUGA LIKOVNIH UMJETNIKA","isPartOf":{"@id":"https:\/\/hulu-split.hr\/#website"},"primaryImageOfPage":{"@id":"https:\/\/hulu-split.hr\/en\/info-2\/salon-galic\/#primaryimage"},"image":{"@id":"https:\/\/hulu-split.hr\/en\/info-2\/salon-galic\/#primaryimage"},"thumbnailUrl":"https:\/\/hulu-split.hr\/wp-content\/uploads\/2024\/12\/g2-150x150.jpg","datePublished":"2016-03-15T10:36:24+00:00","dateModified":"2025-06-10T12:22:24+00:00","breadcrumb":{"@id":"https:\/\/hulu-split.hr\/en\/info-2\/salon-galic\/#breadcrumb"},"inLanguage":"en-US","potentialAction":[{"@type":"ReadAction","target":["https:\/\/hulu-split.hr\/en\/info-2\/salon-galic\/"]}]},{"@type":"ImageObject","inLanguage":"en-US","@id":"https:\/\/hulu-split.hr\/en\/info-2\/salon-galic\/#primaryimage","url":"https:\/\/hulu-split.hr\/wp-content\/uploads\/2024\/12\/g2-150x150.jpg","contentUrl":"https:\/\/hulu-split.hr\/wp-content\/uploads\/2024\/12\/g2-150x150.jpg"},{"@type":"BreadcrumbList","@id":"https:\/\/hulu-split.hr\/en\/info-2\/salon-galic\/#breadcrumb","itemListElement":[{"@type":"ListItem","position":1,"name":"Po\u010detna stranica","item":"https:\/\/hulu-split.hr\/"},{"@type":"ListItem","position":2,"name":"Info","item":"https:\/\/hulu-split.hr\/en\/info-2\/"},{"@type":"ListItem","position":3,"name":"Salon Gali\u0107"}]},{"@type":"WebSite","@id":"https:\/\/hulu-split.hr\/#website","url":"https:\/\/hulu-split.hr\/","name":"CROATIAN ASSOCIATION OF FINE ARTISTS","description":"CROATIAN ASSOCIATION OF VISUAL ARTISTS","potentialAction":[{"@type":"SearchAction","target":{"@type":"EntryPoint","urlTemplate":"https:\/\/hulu-split.hr\/?s={search_term_string}"},"query-input":{"@type":"PropertyValueSpecification","valueRequired":true,"valueName":"search_term_string"}}],"inLanguage":"en-US"}]}},"_links":{"self":[{"href":"http:\/\/hulu-split.hr\/en\/wp-json\/wp\/v2\/pages\/983","targetHints":{"allow":["GET"]}}],"collection":[{"href":"http:\/\/hulu-split.hr\/en\/wp-json\/wp\/v2\/pages"}],"about":[{"href":"http:\/\/hulu-split.hr\/en\/wp-json\/wp\/v2\/types\/page"}],"author":[{"embeddable":true,"href":"http:\/\/hulu-split.hr\/en\/wp-json\/wp\/v2\/users\/1"}],"replies":[{"embeddable":true,"href":"http:\/\/hulu-split.hr\/en\/wp-json\/wp\/v2\/comments?post=983"}],"version-history":[{"count":35,"href":"http:\/\/hulu-split.hr\/en\/wp-json\/wp\/v2\/pages\/983\/revisions"}],"predecessor-version":[{"id":20769,"href":"http:\/\/hulu-split.hr\/en\/wp-json\/wp\/v2\/pages\/983\/revisions\/20769"}],"up":[{"embeddable":true,"href":"http:\/\/hulu-split.hr\/en\/wp-json\/wp\/v2\/pages\/647"}],"wp:attachment":[{"href":"http:\/\/hulu-split.hr\/en\/wp-json\/wp\/v2\/media?parent=983"}],"curies":[{"name":"wp","href":"https:\/\/api.w.org\/{rel}","templated":true}]}}