
{"id":1488,"date":"2016-04-18T13:34:36","date_gmt":"2016-04-18T13:34:36","guid":{"rendered":"http:\/\/hulu-split.hr\/en\/?page_id=1488"},"modified":"2023-03-06T20:50:09","modified_gmt":"2023-03-06T18:50:09","slug":"info","status":"publish","type":"page","link":"https:\/\/hulu-split.hr\/en\/info\/","title":{"rendered":"Information"},"content":{"rendered":"<div class=\"one-half first\">\n<div class=\"uclani-opis info justify\">\n<p>HULU &#8211; Split is a professional association of visual artists, who work in the area of \u200b\u200bSplit-Dalmatia County. It gathers artists of all artistic expression from painting, graphics and sculpture to multimedia art.<\/p>\n<p>During more than seventy years of its existence &#8211; first as ULUH&#8217;s branch in Dalmatia, then as a branch of the Croatian Association of Artists, and today as HULU &#8211; Split, it contributes to the creation of the artistic life and promotes the visual arts by organizing individual and group exhibitions of its members and guest artists.<\/p>\n<p>Large annual events are Split Salon, Art summer, the Biennale of Contemporary Croatian Graphics, Biennale of Small format.<\/p>\n<p>In addition, HULU Split is engaged in publishing activities, and actively supports various forms of cooperation among artists at home and abroad.<\/p>\n<p>Today HULU Split has more than 400\u00a0members, to whom it provides technical and expert assistance in the organization of exhibitions, informing them about tenders, represents members in organized and professional appearance before the institutions, represents their interests and assist them in achieving the status of independent artists.<\/p>\n<p>Arts Council of association currently regulates the exhibition program in only two galleries &#8211; <a href=\"http:\/\/hulu-split.hr\/en\/info\/gaelic-salon\/\">Salon Gali\u0107 Gallery<\/a> and <a href=\"http:\/\/hulu-split.hr\/en\/info\/diocletians-cellars\/\">Basement Halls of Diocletian palace<\/a>, regularly launches major art exhibitions, supports many institutions, associations and festivals and participates in many art projects.<\/p>\n<p>Download official documents:<\/p>\n<ul>\n<li><a href=\"http:\/\/hulu-split.hr\/wp-content\/uploads\/2016\/04\/STATUT-HULU-2015.pdf\" target=\"_blank\">Statute HULU Split (PDF)<\/a><\/li>\n<li><a href=\"http:\/\/hulu-split.hr\/wp-content\/uploads\/2016\/04\/PRAVILNIK-ZA-PRIJAM-NOVIH-CLANOVA-2015.pdf\" target=\"_blank\">Regulation for admission of new members HULU Split (PDF)<\/a><\/li>\n<\/ul>\n<\/div>\n<\/div>\n<div class=\"one-half uprava\">\n<h4>\nChairwoman of HULU-Split:<\/h4>\n<p>Ana Brati\u0107<\/p>\n<h4>\nManagement board:<\/h4>\n<p>Ana Brati\u0107<\/p>\n<p>Luka Duplan\u010di\u0107<\/p>\n<p>Vanja Pagar<\/p>\n<p>Vedran Perkov<\/p>\n<p>Vice Tomasovic<\/p>\n<h4>\nSupervisory board:<\/h4>\n<p>Alma Bo\u017eani\u0107 \u010ca\u010de<\/p>\n<p>Ivor Igrec<\/p>\n<p>Oliver Mi\u0161ura<\/p>\n<p>Andrea Musa<\/p>\n<p>Tea Mori\u0107 \u0160itum<\/p>\n<h4>\nArts council:<\/h4>\n<p>Bo\u017eo Kesi\u0107<\/p>\n<p>Andrea Musa<\/p>\n<p>Glorija Lizde<\/p>\n<p>Toni Me\u0161trovi\u0107<\/p>\n<p>Vedran Perkov<\/p>\n<p>Loren \u017divkovi\u0107 Kulji\u0161<\/p>\n<h4>\nCommision for admision of new members:<\/h4>\n<p>Marin Bau\u010di\u0107<\/p>\n<p>Edvin Dragi\u010devi\u0107<\/p>\n<p>Dragan Du\u017eevi\u0107<\/p>\n<p>Bo\u017eo Kesi\u0107<\/p>\n<p>Lana Stoji\u0107evi\u0107<\/p>\n<p><strong><br \/>\nAdministrative office:<\/strong><\/p>\n<p>Moira Orli\u0107<\/p>\n<p>Ana \u0160e\u0107er Wilhelm<\/p>\n<\/div>","protected":false},"excerpt":{"rendered":"<p>HULU &#8211; Split is a professional association of visual artists, who work in the area of \u200b\u200bSplit-Dalmatia County. It gathers artists of all artistic expression from painting, graphics and sculpture to multimedia art. During more than seventy years of its existence &#8211; first as ULUH&#8217;s branch in Dalmatia, then as a branch of the Croatian Association of Artists, and today as HULU &#8211; Split, it contributes to the creation of<\/p>\n<a href=\"https:\/\/hulu-split.hr\/en\/info\/\"> <div class=\"readmorelink\"><div class=\"rmtext\">[ Pro\u010ditaj vi\u0161e ]<\/div><\/div><\/a>","protected":false},"author":1,"featured_media":0,"parent":0,"menu_order":0,"comment_status":"open","ping_status":"open","template":"","meta":{"_acf_changed":false,"footnotes":""},"class_list":{"0":"post-1488","1":"page","2":"type-page","3":"status-publish","5":"entry","6":"gs-1","7":"gs-odd","8":"gs-even","9":"gs-featured-content-entry"},"acf":[],"yoast_head":"<!-- This site is optimized with the Yoast SEO plugin v27.0 - https:\/\/yoast.com\/product\/yoast-seo-wordpress\/ -->\n<title>Info &#8211; HRVATSKA UDRUGA LIKOVNIH UMJETNIKA<\/title>\n<meta name=\"robots\" content=\"index, follow, max-snippet:-1, max-image-preview:large, max-video-preview:-1\" \/>\n<link rel=\"canonical\" href=\"https:\/\/hulu-split.hr\/en\/info\/\" \/>\n<meta property=\"og:locale\" content=\"en_US\" \/>\n<meta property=\"og:type\" content=\"article\" \/>\n<meta property=\"og:title\" content=\"Info &#8211; HRVATSKA UDRUGA LIKOVNIH UMJETNIKA\" \/>\n<meta property=\"og:description\" content=\"HULU &#8211; Split is a professional association of visual artists, who work in the area of \u200b\u200bSplit-Dalmatia County. It gathers artists of all artistic expression from painting, graphics and sculpture to multimedia art. During more than seventy years of its existence &#8211; first as ULUH&#8217;s branch in Dalmatia, then as a branch of the Croatian Association of Artists, and today as HULU &#8211; Split, it contributes to the creation of\" \/>\n<meta property=\"og:url\" content=\"https:\/\/hulu-split.hr\/en\/info\/\" \/>\n<meta property=\"og:site_name\" content=\"HRVATSKA UDRUGA LIKOVNIH UMJETNIKA\" \/>\n<meta property=\"article:publisher\" content=\"https:\/\/www.facebook.com\/udrugaHULU\" \/>\n<meta property=\"article:modified_time\" content=\"2023-03-06T18:50:09+00:00\" \/>\n<meta name=\"twitter:card\" content=\"summary_large_image\" \/>\n<meta name=\"twitter:site\" content=\"@hulusplit\" \/>\n<meta name=\"twitter:label1\" content=\"Est. reading time\" \/>\n\t<meta name=\"twitter:data1\" content=\"2 minutes\" \/>\n<script type=\"application\/ld+json\" class=\"yoast-schema-graph\">{\"@context\":\"https:\/\/schema.org\",\"@graph\":[{\"@type\":\"WebPage\",\"@id\":\"https:\/\/hulu-split.hr\/info\/\",\"url\":\"https:\/\/hulu-split.hr\/info\/\",\"name\":\"Info &#8211; HRVATSKA UDRUGA LIKOVNIH UMJETNIKA\",\"isPartOf\":{\"@id\":\"https:\/\/hulu-split.hr\/#website\"},\"datePublished\":\"2016-04-18T13:34:36+00:00\",\"dateModified\":\"2023-03-06T18:50:09+00:00\",\"breadcrumb\":{\"@id\":\"https:\/\/hulu-split.hr\/info\/#breadcrumb\"},\"inLanguage\":\"en-US\",\"potentialAction\":[{\"@type\":\"ReadAction\",\"target\":[\"https:\/\/hulu-split.hr\/info\/\"]}]},{\"@type\":\"BreadcrumbList\",\"@id\":\"https:\/\/hulu-split.hr\/info\/#breadcrumb\",\"itemListElement\":[{\"@type\":\"ListItem\",\"position\":1,\"name\":\"Po\u010detna stranica\",\"item\":\"https:\/\/hulu-split.hr\/\"},{\"@type\":\"ListItem\",\"position\":2,\"name\":\"Info\"}]},{\"@type\":\"WebSite\",\"@id\":\"https:\/\/hulu-split.hr\/#website\",\"url\":\"https:\/\/hulu-split.hr\/\",\"name\":\"HRVATSKA UDRUGA LIKOVNIH UMJETNIKA\",\"description\":\"CROATIAN ASSOCIATION OF VISUAL ARTISTS\",\"potentialAction\":[{\"@type\":\"SearchAction\",\"target\":{\"@type\":\"EntryPoint\",\"urlTemplate\":\"https:\/\/hulu-split.hr\/?s={search_term_string}\"},\"query-input\":{\"@type\":\"PropertyValueSpecification\",\"valueRequired\":true,\"valueName\":\"search_term_string\"}}],\"inLanguage\":\"en-US\"}]}<\/script>\n<!-- \/ Yoast SEO plugin. -->","yoast_head_json":{"title":"Info \u2013 CROATIAN ASSOCIATION OF FINE ARTISTS","robots":{"index":"index","follow":"follow","max-snippet":"max-snippet:-1","max-image-preview":"max-image-preview:large","max-video-preview":"max-video-preview:-1"},"canonical":"https:\/\/hulu-split.hr\/en\/info\/","og_locale":"en_US","og_type":"article","og_title":"Info &#8211; HRVATSKA UDRUGA LIKOVNIH UMJETNIKA","og_description":"HULU &#8211; Split is a professional association of visual artists, who work in the area of \u200b\u200bSplit-Dalmatia County. It gathers artists of all artistic expression from painting, graphics and sculpture to multimedia art. During more than seventy years of its existence &#8211; first as ULUH&#8217;s branch in Dalmatia, then as a branch of the Croatian Association of Artists, and today as HULU &#8211; Split, it contributes to the creation of","og_url":"https:\/\/hulu-split.hr\/en\/info\/","og_site_name":"HRVATSKA UDRUGA LIKOVNIH UMJETNIKA","article_publisher":"https:\/\/www.facebook.com\/udrugaHULU","article_modified_time":"2023-03-06T18:50:09+00:00","twitter_card":"summary_large_image","twitter_site":"@hulusplit","twitter_misc":{"Est. reading time":"2 minutes"},"schema":{"@context":"https:\/\/schema.org","@graph":[{"@type":"WebPage","@id":"https:\/\/hulu-split.hr\/info\/","url":"https:\/\/hulu-split.hr\/info\/","name":"Info \u2013 CROATIAN ASSOCIATION OF FINE ARTISTS","isPartOf":{"@id":"https:\/\/hulu-split.hr\/#website"},"datePublished":"2016-04-18T13:34:36+00:00","dateModified":"2023-03-06T18:50:09+00:00","breadcrumb":{"@id":"https:\/\/hulu-split.hr\/info\/#breadcrumb"},"inLanguage":"en-US","potentialAction":[{"@type":"ReadAction","target":["https:\/\/hulu-split.hr\/info\/"]}]},{"@type":"BreadcrumbList","@id":"https:\/\/hulu-split.hr\/info\/#breadcrumb","itemListElement":[{"@type":"ListItem","position":1,"name":"Po\u010detna stranica","item":"https:\/\/hulu-split.hr\/"},{"@type":"ListItem","position":2,"name":"Info"}]},{"@type":"WebSite","@id":"https:\/\/hulu-split.hr\/#website","url":"https:\/\/hulu-split.hr\/","name":"CROATIAN ASSOCIATION OF FINE ARTISTS","description":"CROATIAN ASSOCIATION OF VISUAL ARTISTS","potentialAction":[{"@type":"SearchAction","target":{"@type":"EntryPoint","urlTemplate":"https:\/\/hulu-split.hr\/?s={search_term_string}"},"query-input":{"@type":"PropertyValueSpecification","valueRequired":true,"valueName":"search_term_string"}}],"inLanguage":"en-US"}]}},"_links":{"self":[{"href":"https:\/\/hulu-split.hr\/en\/wp-json\/wp\/v2\/pages\/1488","targetHints":{"allow":["GET"]}}],"collection":[{"href":"https:\/\/hulu-split.hr\/en\/wp-json\/wp\/v2\/pages"}],"about":[{"href":"https:\/\/hulu-split.hr\/en\/wp-json\/wp\/v2\/types\/page"}],"author":[{"embeddable":true,"href":"https:\/\/hulu-split.hr\/en\/wp-json\/wp\/v2\/users\/1"}],"replies":[{"embeddable":true,"href":"https:\/\/hulu-split.hr\/en\/wp-json\/wp\/v2\/comments?post=1488"}],"version-history":[{"count":4,"href":"https:\/\/hulu-split.hr\/en\/wp-json\/wp\/v2\/pages\/1488\/revisions"}],"predecessor-version":[{"id":18384,"href":"https:\/\/hulu-split.hr\/en\/wp-json\/wp\/v2\/pages\/1488\/revisions\/18384"}],"wp:attachment":[{"href":"https:\/\/hulu-split.hr\/en\/wp-json\/wp\/v2\/media?parent=1488"}],"curies":[{"name":"wp","href":"https:\/\/api.w.org\/{rel}","templated":true}]}}