
{"id":1494,"date":"2016-04-18T13:38:22","date_gmt":"2016-04-18T13:38:22","guid":{"rendered":"http:\/\/hulu-split.hr\/en\/?page_id=1494"},"modified":"2016-04-26T09:43:45","modified_gmt":"2016-04-26T09:43:45","slug":"become-our-member","status":"publish","type":"page","link":"https:\/\/hulu-split.hr\/en\/info\/become-our-member\/","title":{"rendered":"Become our member"},"content":{"rendered":"<div class=\"one-half first\">\n<h2 class=\"page-naslov margin-bottom40\">Who can become a member of HULU?<\/h2>\n<div class=\"uclani-opis justify\">\n<p>The member of HULU Split can become a person with Croatian citizenship who at his own request by tender is accepted as a member, and is not younger than 18 years, and that meets the requirements prescribed by the HULU Regulations.<\/p>\n<p>Regular member with the status of the painter, sculptor, graphic or multimedia artist understood a person who work in the field of Fine Arts, whose professional qualities recognized professional association, and who is admitted to the HULU Split. Regular members can become a person with the title of academic painter, sculptor, graphic artist, a person with the title of professor of art education and art, as well as people of other professions.<\/p>\n<p>Regular member of the curatorial HULU team implies a person who works in the theory of Fine Arts, whose professional qualities recognized professional association, and who is admitted to the HULU Split. Regular member of the curatorial team can become a person with the title of art historians, art critics, theorists and other art professionals who actively write professional and scientific papers and accept the HULU statute.<\/p>\n<p>Honorary members shall be defined as a person who helps with his active work carrying out the aims and objectives of the Association and contributes to the affirmation of art. Honorary members can become people of all professions that its activities contribute to the work and development of the Association in its entirety.<\/p>\n<\/div>\n<\/div>\n<div class=\"one-third right\">\n<h2 class=\"page-naslov margin-bottom40\">Admission of members in HULU<\/h2>\n<p class=\"uclani-opis justify\">Applications for admission shall be submitted to the Expert Service HULU Split. Professional service preparation materials, keep minutes and organizes the entire work procedure regarding the admission of candidates for membership in the Association.<\/p>\n<p class=\"uclani-opis justify\">See more in<a href=\"#pravilnik\">the Regulation on admission of new members in association.<br \/>\n<\/a><\/p>\n<\/div>\n<div class=\"clearfix\"><\/div>\n<div id=\"pravilnik\" class=\"pravilnik\">\n<h2 class=\"page-naslov margin-bottom40 margin-top40\">Regulation on admission of new members in association<\/h2>\n<h3>Op\u0107e odredbe:<\/h3>\n<p><strong>\u010clanak 1.<\/strong><br \/>\n\u010clanom HULU-Split mo\u017ee postati osoba sa dr\u017eavljanstvom Republike Hrvatske koja na osobni zahtjev putem natje\u010daja bude primljena u \u010dlanstvo, a da nije mla\u0111a od 18 godina, te da ispunjava uvjete propisane ovim Pravilnikom.<\/p>\n<p><strong>\u010clanak 2.<\/strong><br \/>\nRedovnim \u010dlanom sa statusom slikara, kipara, grafi\u010dara i umjetnika multimedije podrazumijeva se<br \/>\nosoba koja stvarala\u010dki djeluje na podru\u010dju likovnih umjetnosti \u010dije profesionalne kvalitete priznaje<br \/>\nstrukovna udruga, te koji je primljen u HULU-Split prema \u010dlanku 3. 4. 5. i 6.<br \/>\nRedovnim \u010dlanom kustoskog tima HULU-a podrazumijeva se osoba koja djeluje na podru\u010dju teorije likovnih umjetnosti, a \u010dije profesionalne kvalitete priznaje strukovna udruga, te koji je primljen u HULU-Split prema \u010dlanku 3. 4. 5. i 6.<br \/>\nPo\u010dasnim \u010dlanom podrazumijeva se osoba koja svojim aktivnim radom poma\u017ee provo\u0111enju ciljeva i zadataka Udruge odnosno doprinosi afirmaciji likovne umjetnosti.<\/p>\n<p><strong>\u010clanak 3.<\/strong><br \/>\nRedovnim \u010dlanom mogu postati osobe sa zvanjem akademski slikar, kipar, grafi\u010dar,\u00a0 osobe sa zvanjem profesora \/doktora likovne kulture i likovne umjetnosti kao i osobe drugih profesija koje se aktivno bave stvaranjem umjetni\u010dkih djela i prihva\u0107aju statut HULU-a.<br \/>\nRedovnim \u010dlanom kustoskog tima mogu postati osobe sa zvanjem povjesni\u010dara umjetnosti, likovni kriti\u010dari, teoreti\u010dari i ostali likovni stru\u010dnjaci koji aktivno pi\u0161u stru\u010dne i znanstvene radove te prihva\u0107aju statut HULU-a.<br \/>\nPo\u010dasnim \u010dlanom mogu postati osobe svih zvanja koje svojom aktivno\u0161\u0107u doprinose radu i razvoju Udruge u cijelosti.<\/p>\n<h3>Uvjeti:<\/h3>\n<p><strong>\u010clanak 4.<\/strong><br \/>\nZa podno\u0161enje zahtjeva za prijem u redovno \u010dlanstvo osobe iz \u010dlanka 3. Pravilnika obvezne<br \/>\nsu dostaviti osnovne podatke, te dokumentaciju o udovoljavanju posebnih uvjeta.<\/p>\n<h3>Osnovni podaci:<\/h3>\n<p><strong>\u010clanak 5.<\/strong><br \/>\nPotrebni dokumenti za prijavu su:<br \/>\n&#8211; molba<br \/>\n&#8211; radna biografija<br \/>\n&#8211; preslika diplome odnosno nostrifikacije o stru\u010dnoj naobrazbi<br \/>\n&#8211; iscrpna \u00a0dokumentacija vlastitih radova ili umjetni\u010dkih projekata<\/p>\n<h3>Posebni uvjeti:<\/h3>\n<p><strong>\u010clanak 6.<\/strong><br \/>\nOsobe sa \u00a0zvanjem akademskog slikara, kipara, grafi\u010dara i druge osobe\u00a0 sa diplomom (hrvatskom ili nostrificiranom) jednog od priznatih studija likovnih (ili vizualnih) umjetni\u010dkih visoko\u0161kolskih ustanova:<br \/>\n&#8211; dokumentaciju \/kataloge, fotografije\/ o sudjelovanju na najmanje jednoj \u017eiriranoj izlo\u017ebi<\/p>\n<p>Osobe sa zvanjem profesora likovne kulture i likovnog odgoja:<br \/>\n&#8211; dokumentaciju \/kataloge, fotografije\/ o sudjelovanju na najmanje dvije \u017eirirane izlo\u017ebe<\/p>\n<p>Osobe drugih profesija:<br \/>\n&#8211; dokumentaciju \/ kataloge, fotografije\/ o sudjelovanju na najmanje tri \u017eirirane izlo\u017ebe<\/p>\n<p>Osobe sa zvanjem povjesni\u010dara umjetnosti, kustosa, likovnog kriti\u010dara i teoreti\u010dara umjetnosti, te ostali likovni stru\u010dnjaci sa diplomom (hrvatskom ili nostrificiranom) jednog od priznatih studija visoko\u0161kolskih ustanova:<br \/>\n&#8211; \u0161to op\u0161irniju dokumentaciju o objavljenim stru\u010dnim i znanstvenim radovima<\/p>\n<h3>Razmatranje uvjeta:<\/h3>\n<p><strong>\u010clanak 7.<\/strong><br \/>\nUvjete iz \u010dlanka 5. i 6. Pravilnika razmatra Komisija za prijem sastavljena od pet \u010dlanova koje imenuje<br \/>\nSkup\u0161tina ili Upravni odbor na \u010detiri godine.<\/p>\n<p><strong>\u010clanak 8.<\/strong><br \/>\nNa osnovu uvida u dokumentaciju prijavljenih kandidata Komisija donosi odluku o primanju u \u010dlanstvo.<br \/>\nKomisija tako\u0111er mo\u017ee zahtijevati od kandidata da dostave na uvid i vlastite radove &#8211; pet slika ili grafi\u010dkih listova, dvije skulpture ili dva video projekta.<\/p>\n<p><strong>\u010clanak 9.<\/strong><br \/>\nKomisija jednoglasno donosi odluku o prijemu kandidata u \u010dlanstvo HULU-Split, a odluku potvr\u0111uje Upravni odbor Udruge.<\/p>\n<h3>Ostale odredbe:<\/h3>\n<p><strong>\u010clanak 10.<\/strong><br \/>\nOsoba koja nije primljena za redovnog \u010dlana ima pravo \u017ealbe Upravnom odboru Udruge u roku od<br \/>\nosam dana od objavljivanja primljenih kandidata u \u010dlanstvo.<br \/>\nOdluka Upravnog odbora je kona\u010dna i na nju kandidat nema pravo \u017ealbe.<\/p>\n<p><strong>\u010clanak 11.<\/strong><br \/>\nMolbe za prijem dostavljaju se Stru\u010dnoj slu\u017ebi HULU &#8211; Split. Stru\u010dna slu\u017eba priprema materijale, vodi zapisnik i organizira cjelokupnu proceduru rada oko prijema kandidata za \u010dlanstvo u Udruzi, a u skladu sa \u010dlancima ovog Pravilnika.<\/p>\n<p><strong>\u010clanak 12.<\/strong><br \/>\nDanom usvajanja Pravilnika prestaju vrijediti sve dosada\u0161nje odluke, zaklju\u010dci i pravilnici o prijemu u \u010dlanstvo.<\/p>\n<p>Predsjednik HULU-Split<br \/>\nVice Tomasovic<\/p>\n<\/div>","protected":false},"excerpt":{"rendered":"<p>Who can become a member of HULU? The member of HULU Split can become a person with Croatian citizenship who at his own request by tender is accepted as a member, and is not younger than 18 years, and that meets the requirements prescribed by the HULU Regulations. Regular member with the status of the painter, sculptor, graphic or multimedia artist understood a person who work in the field of<\/p>\n<a href=\"https:\/\/hulu-split.hr\/en\/info\/become-our-member\/\"> <div class=\"readmorelink\"><div class=\"rmtext\">[ Pro\u010ditaj vi\u0161e ]<\/div><\/div><\/a>","protected":false},"author":1,"featured_media":0,"parent":1488,"menu_order":0,"comment_status":"closed","ping_status":"closed","template":"","meta":{"_acf_changed":false,"footnotes":""},"class_list":{"0":"post-1494","1":"page","2":"type-page","3":"status-publish","5":"entry","6":"gs-1","7":"gs-odd","8":"gs-even","9":"gs-featured-content-entry"},"acf":[],"yoast_head":"<!-- This site is optimized with the Yoast SEO plugin v27.0 - https:\/\/yoast.com\/product\/yoast-seo-wordpress\/ -->\n<title>Become our member &#8211; HRVATSKA UDRUGA LIKOVNIH UMJETNIKA<\/title>\n<meta name=\"robots\" content=\"index, follow, max-snippet:-1, max-image-preview:large, max-video-preview:-1\" \/>\n<link rel=\"canonical\" href=\"https:\/\/hulu-split.hr\/en\/info\/become-our-member\/\" \/>\n<meta property=\"og:locale\" content=\"en_US\" \/>\n<meta property=\"og:type\" content=\"article\" \/>\n<meta property=\"og:title\" content=\"Become our member &#8211; HRVATSKA UDRUGA LIKOVNIH UMJETNIKA\" \/>\n<meta property=\"og:description\" content=\"Who can become a member of HULU? The member of HULU Split can become a person with Croatian citizenship who at his own request by tender is accepted as a member, and is not younger than 18 years, and that meets the requirements prescribed by the HULU Regulations. Regular member with the status of the painter, sculptor, graphic or multimedia artist understood a person who work in the field of\" \/>\n<meta property=\"og:url\" content=\"https:\/\/hulu-split.hr\/en\/info\/become-our-member\/\" \/>\n<meta property=\"og:site_name\" content=\"HRVATSKA UDRUGA LIKOVNIH UMJETNIKA\" \/>\n<meta property=\"article:publisher\" content=\"https:\/\/www.facebook.com\/udrugaHULU\" \/>\n<meta property=\"article:modified_time\" content=\"2016-04-26T09:43:45+00:00\" \/>\n<meta name=\"twitter:card\" content=\"summary_large_image\" \/>\n<meta name=\"twitter:site\" content=\"@hulusplit\" \/>\n<meta name=\"twitter:label1\" content=\"Est. reading time\" \/>\n\t<meta name=\"twitter:data1\" content=\"4 minutes\" \/>\n<script type=\"application\/ld+json\" class=\"yoast-schema-graph\">{\"@context\":\"https:\/\/schema.org\",\"@graph\":[{\"@type\":\"WebPage\",\"@id\":\"https:\/\/hulu-split.hr\/info\/become-our-member\/\",\"url\":\"https:\/\/hulu-split.hr\/info\/become-our-member\/\",\"name\":\"Become our member &#8211; HRVATSKA UDRUGA LIKOVNIH UMJETNIKA\",\"isPartOf\":{\"@id\":\"https:\/\/hulu-split.hr\/#website\"},\"datePublished\":\"2016-04-18T13:38:22+00:00\",\"dateModified\":\"2016-04-26T09:43:45+00:00\",\"breadcrumb\":{\"@id\":\"https:\/\/hulu-split.hr\/info\/become-our-member\/#breadcrumb\"},\"inLanguage\":\"en-US\",\"potentialAction\":[{\"@type\":\"ReadAction\",\"target\":[\"https:\/\/hulu-split.hr\/info\/become-our-member\/\"]}]},{\"@type\":\"BreadcrumbList\",\"@id\":\"https:\/\/hulu-split.hr\/info\/become-our-member\/#breadcrumb\",\"itemListElement\":[{\"@type\":\"ListItem\",\"position\":1,\"name\":\"Po\u010detna stranica\",\"item\":\"https:\/\/hulu-split.hr\/\"},{\"@type\":\"ListItem\",\"position\":2,\"name\":\"Info\",\"item\":\"https:\/\/hulu-split.hr\/info\/\"},{\"@type\":\"ListItem\",\"position\":3,\"name\":\"Become our member\"}]},{\"@type\":\"WebSite\",\"@id\":\"https:\/\/hulu-split.hr\/#website\",\"url\":\"https:\/\/hulu-split.hr\/\",\"name\":\"HRVATSKA UDRUGA LIKOVNIH UMJETNIKA\",\"description\":\"CROATIAN ASSOCIATION OF VISUAL ARTISTS\",\"potentialAction\":[{\"@type\":\"SearchAction\",\"target\":{\"@type\":\"EntryPoint\",\"urlTemplate\":\"https:\/\/hulu-split.hr\/?s={search_term_string}\"},\"query-input\":{\"@type\":\"PropertyValueSpecification\",\"valueRequired\":true,\"valueName\":\"search_term_string\"}}],\"inLanguage\":\"en-US\"}]}<\/script>\n<!-- \/ Yoast SEO plugin. -->","yoast_head_json":{"title":"Become our member &#8211; HRVATSKA UDRUGA LIKOVNIH UMJETNIKA","robots":{"index":"index","follow":"follow","max-snippet":"max-snippet:-1","max-image-preview":"max-image-preview:large","max-video-preview":"max-video-preview:-1"},"canonical":"https:\/\/hulu-split.hr\/en\/info\/become-our-member\/","og_locale":"en_US","og_type":"article","og_title":"Become our member &#8211; HRVATSKA UDRUGA LIKOVNIH UMJETNIKA","og_description":"Who can become a member of HULU? The member of HULU Split can become a person with Croatian citizenship who at his own request by tender is accepted as a member, and is not younger than 18 years, and that meets the requirements prescribed by the HULU Regulations. Regular member with the status of the painter, sculptor, graphic or multimedia artist understood a person who work in the field of","og_url":"https:\/\/hulu-split.hr\/en\/info\/become-our-member\/","og_site_name":"HRVATSKA UDRUGA LIKOVNIH UMJETNIKA","article_publisher":"https:\/\/www.facebook.com\/udrugaHULU","article_modified_time":"2016-04-26T09:43:45+00:00","twitter_card":"summary_large_image","twitter_site":"@hulusplit","twitter_misc":{"Est. reading time":"4 minutes"},"schema":{"@context":"https:\/\/schema.org","@graph":[{"@type":"WebPage","@id":"https:\/\/hulu-split.hr\/info\/become-our-member\/","url":"https:\/\/hulu-split.hr\/info\/become-our-member\/","name":"Become our member &#8211; HRVATSKA UDRUGA LIKOVNIH UMJETNIKA","isPartOf":{"@id":"https:\/\/hulu-split.hr\/#website"},"datePublished":"2016-04-18T13:38:22+00:00","dateModified":"2016-04-26T09:43:45+00:00","breadcrumb":{"@id":"https:\/\/hulu-split.hr\/info\/become-our-member\/#breadcrumb"},"inLanguage":"en-US","potentialAction":[{"@type":"ReadAction","target":["https:\/\/hulu-split.hr\/info\/become-our-member\/"]}]},{"@type":"BreadcrumbList","@id":"https:\/\/hulu-split.hr\/info\/become-our-member\/#breadcrumb","itemListElement":[{"@type":"ListItem","position":1,"name":"Po\u010detna stranica","item":"https:\/\/hulu-split.hr\/"},{"@type":"ListItem","position":2,"name":"Info","item":"https:\/\/hulu-split.hr\/info\/"},{"@type":"ListItem","position":3,"name":"Become our member"}]},{"@type":"WebSite","@id":"https:\/\/hulu-split.hr\/#website","url":"https:\/\/hulu-split.hr\/","name":"CROATIAN ASSOCIATION OF FINE ARTISTS","description":"CROATIAN ASSOCIATION OF VISUAL ARTISTS","potentialAction":[{"@type":"SearchAction","target":{"@type":"EntryPoint","urlTemplate":"https:\/\/hulu-split.hr\/?s={search_term_string}"},"query-input":{"@type":"PropertyValueSpecification","valueRequired":true,"valueName":"search_term_string"}}],"inLanguage":"en-US"}]}},"_links":{"self":[{"href":"https:\/\/hulu-split.hr\/en\/wp-json\/wp\/v2\/pages\/1494","targetHints":{"allow":["GET"]}}],"collection":[{"href":"https:\/\/hulu-split.hr\/en\/wp-json\/wp\/v2\/pages"}],"about":[{"href":"https:\/\/hulu-split.hr\/en\/wp-json\/wp\/v2\/types\/page"}],"author":[{"embeddable":true,"href":"https:\/\/hulu-split.hr\/en\/wp-json\/wp\/v2\/users\/1"}],"replies":[{"embeddable":true,"href":"https:\/\/hulu-split.hr\/en\/wp-json\/wp\/v2\/comments?post=1494"}],"version-history":[{"count":0,"href":"https:\/\/hulu-split.hr\/en\/wp-json\/wp\/v2\/pages\/1494\/revisions"}],"up":[{"embeddable":true,"href":"https:\/\/hulu-split.hr\/en\/wp-json\/wp\/v2\/pages\/1488"}],"wp:attachment":[{"href":"https:\/\/hulu-split.hr\/en\/wp-json\/wp\/v2\/media?parent=1494"}],"curies":[{"name":"wp","href":"https:\/\/api.w.org\/{rel}","templated":true}]}}