
{"id":647,"date":"2015-08-08T13:16:30","date_gmt":"2015-08-08T13:16:30","guid":{"rendered":"http:\/\/prettydarncute.com\/demos\/happy\/?page_id=597"},"modified":"2025-06-02T14:01:50","modified_gmt":"2025-06-02T12:01:50","slug":"info-2","status":"publish","type":"page","link":"https:\/\/hulu-split.hr\/en\/info-2\/","title":{"rendered":"Information"},"content":{"rendered":"<div class=\"one-half first\">\n<div class=\"uclani-opis info justify\">\n<p>HULU - Split is a national professional association based in Split that brings together artists from all over Croatia working in all visual art media, from painting, graphics, and sculpture to multimedia and interdisciplinary art. The association also includes a Curatorial Section that brings together art historians, art critics, and art theorists.<\/p>\n<p>For over seventy years of its existence \u2013 formerly as a branch of ULUH for Dalmatia, then as a branch of HDLU, and today as HULU \u2013 Split contributes to the creation of exhibition artistic life and promotes artistic creation by organizing solo and group exhibitions of its members and guest artists.<\/p>\n<p>In addition, HULU-Split is involved in publishing activities and actively supports various forms of collaboration among artists domestically and abroad.<\/p>\n<p>Today, HULU-Split has over 500 members to whom the Association offers technical and professional assistance in organizing exhibitions, informs them about calls for submissions, enables members to present themselves professionally in an organized manner before institutions, represents their interests, and helps them achieve the status of independent artists.<\/p>\n<p>HULU manages and organizes the exhibition program at Split's oldest gallery \u2013\u00a0\u00a0<a href=\"http:\/\/hulu-split.hr\/en\/info\/gaelic-salon\/\">Salon Gali\u0107<\/a>.In addition to the regular exhibition program at Salon Gali\u0107, HULU regularly organizes guest exhibitions, initiates larger art events, and supports many institutions, associations, and festivals with co-organizational support.<\/p>\n<p>As a professional association, HULU continuously promotes visual art, protects artists' freedom of action, develops collaborations and partnerships, educates the public, participates in the adoption of regulations related to visual arts, and protects artists' moral and material rights.<\/p>\n<p>Download documents<\/p>\n<ul>\n<li><a href=\"https:\/\/drive.google.com\/file\/d\/19D7qGP5l2S-XIzpSj9wS6-_CyO884F_7\/view?usp=sharing\" target=\"_blank\">HULU Split Status (PDF)<\/a><\/li>\n<li><a href=\"https:\/\/drive.google.com\/file\/d\/1hEftopvSytJe75E_7KPtbMzHBC_VBZG3\/view\" target=\"_blank\">Rules on the method and conditions for acquiring membership in HULU-Split (PDF)<\/a><\/li>\n<li><a href=\"https:\/\/drive.google.com\/file\/d\/1bLHW5wmc3Npod_Mczk5UHJxJyCc_phcB\/view?usp=drive_link\">Rules on the Program Activities of HULU-Split (PDF)<\/a><\/li>\n<li><a href=\"https:\/\/drive.google.com\/file\/d\/1TA31E5UGUUtuF9s638QtQm5L0uEmaINf\/view?usp=drive_link\">Rules of the Art Council of HULU-Split<\/a><\/li>\n<\/ul>\n<\/div>\n<\/div>\n<div class=\"one-half uprava\">\n<h4><\/h4>\n<p><strong>President of HULU-Split:<\/strong><\/p>\n<p>Ana Brati\u0107<\/p>\n<p>_________<\/p>\n<p><strong>Board of Directors<\/strong><\/p>\n<p>Ana Brati\u0107<\/p>\n<p>Ana Marija Botteri<\/p>\n<p>Vanja Pagar<\/p>\n<p>Vedran Perkov<\/p>\n<p>Filip Rogo\u0161i\u0107<\/p>\n<p>_________<\/p>\n<p><strong>Supervisory Board:<\/strong><\/p>\n<p>Alma Bo\u017eani\u0107 \u010ca\u010de<\/p>\n<p>Ivor Igrec<\/p>\n<p>Oliver Mi\u0161ura<\/p>\n<p>Andrea Musa<\/p>\n<p>Tea Mori\u0107 \u0160itum<\/p>\n<p>_________<\/p>\n<p><strong>Artistic advice:<\/strong><\/p>\n<p>Gildo Bav\u010devi\u0107<\/p>\n<p>Ana \u010cuku\u0161i\u0107<\/p>\n<p>Robert Jozi\u0107<\/p>\n<p>Andrea Musa<\/p>\n<p>Neli Ru\u017ei\u0107<\/p>\n<p>Josip \u0160urlin<\/p>\n<p>_________<\/p>\n<p><strong>New Member Admission Committee:<\/strong><\/p>\n<p>Dora Derado<\/p>\n<p>Edvin Dragi\u010devi\u0107<\/p>\n<p>Kristijan Falak<\/p>\n<p>Petar Katavi\u0107<\/p>\n<p>\u0110ani Martini\u0107<\/p>\n<p>_________<\/p>\n<p><strong>Professional services<\/strong><\/p>\n<p>Ana Brati\u0107, exhibition activities manager<\/p>\n<p>Moira Orli\u0107, Office Manager<\/p>\n<p>Ana \u0160e\u0107er Wilhelm, Head of the Professional Service<\/p>\n<p>Ivor Igrec, expert associate<\/p>\n<\/div>","protected":false},"excerpt":{"rendered":"<p>HULU &#8211; Split je nacionalna strukovna udruga sa sjedi\u0161tem u Splitu\u00a0koja\u00a0 okuplja umjetnike iz cijele Hrvatske\u00a0svih medija likovnog izra\u017eavanja od slikarstva, grafike i kiparstva do multimedijalne\u00a0 i interdisciplinarne umjetnosti.\u00a0 \u00a0Unutar udruge djeluje i Kustoska sekcija koja okuplja povjesni\u010dare umjetnosti, likovne kriti\u010dare i teoreti\u010dare umjetnosti. Tijekom vi\u0161e od sedamdeset godina svog postojanja &#8211; nekad kao ULUH-ova podru\u017enica za Dalmaciju, potom kao ogranak HDLU-a, a danas kao HULU &#8211; Split, pridonosi stvaranju<\/p>\n<a href=\"https:\/\/hulu-split.hr\/en\/info-2\/\"> <div class=\"readmorelink\"><div class=\"rmtext\">[ Pro\u010ditaj vi\u0161e ]<\/div><\/div><\/a>","protected":false},"author":1,"featured_media":14554,"parent":0,"menu_order":0,"comment_status":"open","ping_status":"open","template":"","meta":{"_acf_changed":false,"footnotes":""},"class_list":{"0":"post-647","1":"page","2":"type-page","3":"status-publish","4":"has-post-thumbnail","6":"entry","7":"gs-1","8":"gs-odd","9":"gs-even","10":"gs-featured-content-entry"},"acf":[],"yoast_head":"<!-- This site is optimized with the Yoast SEO plugin v27.0 - https:\/\/yoast.com\/product\/yoast-seo-wordpress\/ -->\n<title>Info &#8211; HRVATSKA UDRUGA LIKOVNIH UMJETNIKA<\/title>\n<meta name=\"robots\" content=\"index, follow, max-snippet:-1, max-image-preview:large, max-video-preview:-1\" \/>\n<link rel=\"canonical\" href=\"https:\/\/hulu-split.hr\/en\/info-2\/\" \/>\n<meta property=\"og:locale\" content=\"en_US\" \/>\n<meta property=\"og:type\" content=\"article\" \/>\n<meta property=\"og:title\" content=\"Info &#8211; HRVATSKA UDRUGA LIKOVNIH UMJETNIKA\" \/>\n<meta property=\"og:description\" content=\"HULU &#8211; Split je nacionalna strukovna udruga sa sjedi\u0161tem u Splitu\u00a0koja\u00a0 okuplja umjetnike iz cijele Hrvatske\u00a0svih medija likovnog izra\u017eavanja od slikarstva, grafike i kiparstva do multimedijalne\u00a0 i interdisciplinarne umjetnosti.\u00a0 \u00a0Unutar udruge djeluje i Kustoska sekcija koja okuplja povjesni\u010dare umjetnosti, likovne kriti\u010dare i teoreti\u010dare umjetnosti. Tijekom vi\u0161e od sedamdeset godina svog postojanja &#8211; nekad kao ULUH-ova podru\u017enica za Dalmaciju, potom kao ogranak HDLU-a, a danas kao HULU &#8211; Split, pridonosi stvaranju\" \/>\n<meta property=\"og:url\" content=\"https:\/\/hulu-split.hr\/en\/info-2\/\" \/>\n<meta property=\"og:site_name\" content=\"HRVATSKA UDRUGA LIKOVNIH UMJETNIKA\" \/>\n<meta property=\"article:publisher\" content=\"https:\/\/www.facebook.com\/udrugaHULU\" \/>\n<meta property=\"article:modified_time\" content=\"2025-06-02T12:01:50+00:00\" \/>\n<meta property=\"og:image\" content=\"https:\/\/hulu-split.hr\/wp-content\/uploads\/2015\/08\/logo-HULU-Split.jpg\" \/>\n\t<meta property=\"og:image:width\" content=\"1200\" \/>\n\t<meta property=\"og:image:height\" content=\"699\" \/>\n\t<meta property=\"og:image:type\" content=\"image\/jpeg\" \/>\n<meta name=\"twitter:card\" content=\"summary_large_image\" \/>\n<meta name=\"twitter:site\" content=\"@hulusplit\" \/>\n<meta name=\"twitter:label1\" content=\"Est. reading time\" \/>\n\t<meta name=\"twitter:data1\" content=\"2 minutes\" \/>\n<script type=\"application\/ld+json\" class=\"yoast-schema-graph\">{\"@context\":\"https:\/\/schema.org\",\"@graph\":[{\"@type\":\"WebPage\",\"@id\":\"https:\/\/hulu-split.hr\/en\/info-2\/\",\"url\":\"https:\/\/hulu-split.hr\/en\/info-2\/\",\"name\":\"Info &#8211; HRVATSKA UDRUGA LIKOVNIH UMJETNIKA\",\"isPartOf\":{\"@id\":\"https:\/\/hulu-split.hr\/#website\"},\"primaryImageOfPage\":{\"@id\":\"https:\/\/hulu-split.hr\/en\/info-2\/#primaryimage\"},\"image\":{\"@id\":\"https:\/\/hulu-split.hr\/en\/info-2\/#primaryimage\"},\"thumbnailUrl\":\"https:\/\/hulu-split.hr\/wp-content\/uploads\/2015\/08\/logo-HULU-Split.jpg\",\"datePublished\":\"2015-08-08T13:16:30+00:00\",\"dateModified\":\"2025-06-02T12:01:50+00:00\",\"breadcrumb\":{\"@id\":\"https:\/\/hulu-split.hr\/en\/info-2\/#breadcrumb\"},\"inLanguage\":\"en-US\",\"potentialAction\":[{\"@type\":\"ReadAction\",\"target\":[\"https:\/\/hulu-split.hr\/en\/info-2\/\"]}]},{\"@type\":\"ImageObject\",\"inLanguage\":\"en-US\",\"@id\":\"https:\/\/hulu-split.hr\/en\/info-2\/#primaryimage\",\"url\":\"https:\/\/hulu-split.hr\/wp-content\/uploads\/2015\/08\/logo-HULU-Split.jpg\",\"contentUrl\":\"https:\/\/hulu-split.hr\/wp-content\/uploads\/2015\/08\/logo-HULU-Split.jpg\",\"width\":1200,\"height\":699},{\"@type\":\"BreadcrumbList\",\"@id\":\"https:\/\/hulu-split.hr\/en\/info-2\/#breadcrumb\",\"itemListElement\":[{\"@type\":\"ListItem\",\"position\":1,\"name\":\"Po\u010detna stranica\",\"item\":\"https:\/\/hulu-split.hr\/\"},{\"@type\":\"ListItem\",\"position\":2,\"name\":\"Info\"}]},{\"@type\":\"WebSite\",\"@id\":\"https:\/\/hulu-split.hr\/#website\",\"url\":\"https:\/\/hulu-split.hr\/\",\"name\":\"HRVATSKA UDRUGA LIKOVNIH UMJETNIKA\",\"description\":\"CROATIAN ASSOCIATION OF VISUAL ARTISTS\",\"potentialAction\":[{\"@type\":\"SearchAction\",\"target\":{\"@type\":\"EntryPoint\",\"urlTemplate\":\"https:\/\/hulu-split.hr\/?s={search_term_string}\"},\"query-input\":{\"@type\":\"PropertyValueSpecification\",\"valueRequired\":true,\"valueName\":\"search_term_string\"}}],\"inLanguage\":\"en-US\"}]}<\/script>\n<!-- \/ Yoast SEO plugin. -->","yoast_head_json":{"title":"Info \u2013 CROATIAN ASSOCIATION OF FINE ARTISTS","robots":{"index":"index","follow":"follow","max-snippet":"max-snippet:-1","max-image-preview":"max-image-preview:large","max-video-preview":"max-video-preview:-1"},"canonical":"https:\/\/hulu-split.hr\/en\/info-2\/","og_locale":"en_US","og_type":"article","og_title":"Info &#8211; HRVATSKA UDRUGA LIKOVNIH UMJETNIKA","og_description":"HULU &#8211; Split je nacionalna strukovna udruga sa sjedi\u0161tem u Splitu\u00a0koja\u00a0 okuplja umjetnike iz cijele Hrvatske\u00a0svih medija likovnog izra\u017eavanja od slikarstva, grafike i kiparstva do multimedijalne\u00a0 i interdisciplinarne umjetnosti.\u00a0 \u00a0Unutar udruge djeluje i Kustoska sekcija koja okuplja povjesni\u010dare umjetnosti, likovne kriti\u010dare i teoreti\u010dare umjetnosti. Tijekom vi\u0161e od sedamdeset godina svog postojanja &#8211; nekad kao ULUH-ova podru\u017enica za Dalmaciju, potom kao ogranak HDLU-a, a danas kao HULU &#8211; Split, pridonosi stvaranju","og_url":"https:\/\/hulu-split.hr\/en\/info-2\/","og_site_name":"HRVATSKA UDRUGA LIKOVNIH UMJETNIKA","article_publisher":"https:\/\/www.facebook.com\/udrugaHULU","article_modified_time":"2025-06-02T12:01:50+00:00","og_image":[{"width":1200,"height":699,"url":"https:\/\/hulu-split.hr\/wp-content\/uploads\/2015\/08\/logo-HULU-Split.jpg","type":"image\/jpeg"}],"twitter_card":"summary_large_image","twitter_site":"@hulusplit","twitter_misc":{"Est. reading time":"2 minutes"},"schema":{"@context":"https:\/\/schema.org","@graph":[{"@type":"WebPage","@id":"https:\/\/hulu-split.hr\/en\/info-2\/","url":"https:\/\/hulu-split.hr\/en\/info-2\/","name":"Info \u2013 CROATIAN ASSOCIATION OF FINE ARTISTS","isPartOf":{"@id":"https:\/\/hulu-split.hr\/#website"},"primaryImageOfPage":{"@id":"https:\/\/hulu-split.hr\/en\/info-2\/#primaryimage"},"image":{"@id":"https:\/\/hulu-split.hr\/en\/info-2\/#primaryimage"},"thumbnailUrl":"https:\/\/hulu-split.hr\/wp-content\/uploads\/2015\/08\/logo-HULU-Split.jpg","datePublished":"2015-08-08T13:16:30+00:00","dateModified":"2025-06-02T12:01:50+00:00","breadcrumb":{"@id":"https:\/\/hulu-split.hr\/en\/info-2\/#breadcrumb"},"inLanguage":"en-US","potentialAction":[{"@type":"ReadAction","target":["https:\/\/hulu-split.hr\/en\/info-2\/"]}]},{"@type":"ImageObject","inLanguage":"en-US","@id":"https:\/\/hulu-split.hr\/en\/info-2\/#primaryimage","url":"https:\/\/hulu-split.hr\/wp-content\/uploads\/2015\/08\/logo-HULU-Split.jpg","contentUrl":"https:\/\/hulu-split.hr\/wp-content\/uploads\/2015\/08\/logo-HULU-Split.jpg","width":1200,"height":699},{"@type":"BreadcrumbList","@id":"https:\/\/hulu-split.hr\/en\/info-2\/#breadcrumb","itemListElement":[{"@type":"ListItem","position":1,"name":"Po\u010detna stranica","item":"https:\/\/hulu-split.hr\/"},{"@type":"ListItem","position":2,"name":"Info"}]},{"@type":"WebSite","@id":"https:\/\/hulu-split.hr\/#website","url":"https:\/\/hulu-split.hr\/","name":"CROATIAN ASSOCIATION OF FINE ARTISTS","description":"CROATIAN ASSOCIATION OF VISUAL ARTISTS","potentialAction":[{"@type":"SearchAction","target":{"@type":"EntryPoint","urlTemplate":"https:\/\/hulu-split.hr\/?s={search_term_string}"},"query-input":{"@type":"PropertyValueSpecification","valueRequired":true,"valueName":"search_term_string"}}],"inLanguage":"en-US"}]}},"_links":{"self":[{"href":"https:\/\/hulu-split.hr\/en\/wp-json\/wp\/v2\/pages\/647","targetHints":{"allow":["GET"]}}],"collection":[{"href":"https:\/\/hulu-split.hr\/en\/wp-json\/wp\/v2\/pages"}],"about":[{"href":"https:\/\/hulu-split.hr\/en\/wp-json\/wp\/v2\/types\/page"}],"author":[{"embeddable":true,"href":"https:\/\/hulu-split.hr\/en\/wp-json\/wp\/v2\/users\/1"}],"replies":[{"embeddable":true,"href":"https:\/\/hulu-split.hr\/en\/wp-json\/wp\/v2\/comments?post=647"}],"version-history":[{"count":33,"href":"https:\/\/hulu-split.hr\/en\/wp-json\/wp\/v2\/pages\/647\/revisions"}],"predecessor-version":[{"id":20739,"href":"https:\/\/hulu-split.hr\/en\/wp-json\/wp\/v2\/pages\/647\/revisions\/20739"}],"wp:featuredmedia":[{"embeddable":true,"href":"https:\/\/hulu-split.hr\/en\/wp-json\/wp\/v2\/media\/14554"}],"wp:attachment":[{"href":"https:\/\/hulu-split.hr\/en\/wp-json\/wp\/v2\/media?parent=647"}],"curies":[{"name":"wp","href":"https:\/\/api.w.org\/{rel}","templated":true}]}}